{"id":106,"date":"2024-04-18T12:04:38","date_gmt":"2024-04-18T15:04:38","guid":{"rendered":"https:\/\/escolavirtualbompastor.com.br\/?page_id=106"},"modified":"2026-02-01T17:43:45","modified_gmt":"2026-02-01T20:43:45","slug":"conteudo-curricular","status":"publish","type":"page","link":"https:\/\/escolavirtualbompastor.com.br\/index.php\/conteudo-curricular\/","title":{"rendered":"CONTE\u00daDO CURRICULAR"},"content":{"rendered":"\n<p class=\"has-text-align-center\">Diante da import\u00e2ncia do minist\u00e9rio diaconal, no processo formativo duas dimens\u00f5es s\u00e3o fundamentais: a intelectual e a humano-espiritual. No que diz respeito \u00e0 dimens\u00e3o intelectual, os conte\u00fados ser\u00e3o trabalhados:<\/p>\n\n\n\n<hr class=\"wp-block-separator has-alpha-channel-opacity\"\/>\n\n\n\n<ol class=\"wp-block-list\" start=\"1\">\n<li><strong>\u00a0Primeiro Ano<\/strong><\/li>\n<\/ol>\n\n\n\n<ol class=\"wp-block-list\" style=\"list-style-type:upper-roman\">\n<li>Aula inaugural com a apresenta\u00e7\u00e3o geral da Escola Diaconal, apresenta\u00e7\u00e3o do caminho a ser percorrido e orienta\u00e7\u00f5es sobre o uso do Ambiente Virtual de Aprendizagem.<\/li>\n<\/ol>\n\n\n\n<p><strong><em>Semestre 1 \u2013 390hs:<\/em><\/strong><\/p>\n\n\n\n<ol class=\"wp-block-list\" style=\"list-style-type:upper-roman\">\n<li>Comunica\u00e7\u00e3o e Linguagem \u2013 60hs;<\/li>\n\n\n\n<li>Introdu\u00e7\u00e3o \u00e0 Liturgia e ao Ano Lit\u00fargico \u2013 60hs;<\/li>\n\n\n\n<li>Introdu\u00e7\u00e3o \u00e0 Teologia \u2013 60hs;<\/li>\n\n\n\n<li>Psicologia e Sociologia da Religi\u00e3o \u2013 60hs;<\/li>\n\n\n\n<li>Teologia da Espiritualidade e dos Estados de Vida \u2013 60hs;<\/li>\n\n\n\n<li>Minist\u00e9rio Diaconal: Hist\u00f3ria e Teologia I \u2013 60hs;<\/li>\n\n\n\n<li>Pr\u00e1tica Pastoral Comunit\u00e1ria \u2013 30hs.<\/li>\n<\/ol>\n\n\n\n<p><strong><em>Semestre 2 \u2013 390hs:<\/em><\/strong><\/p>\n\n\n\n<ol class=\"wp-block-list\" style=\"list-style-type:upper-roman\">\n<li>Introdu\u00e7\u00e3o \u00e0 B\u00edblia e Hist\u00f3ria de Israel \u2013 60hs;<\/li>\n\n\n\n<li>Teologia da Revela\u00e7\u00e3o e da F\u00e9 \u2013 60hs;<\/li>\n\n\n\n<li>Teologia dos Sacramentos \u2013 60hs;<\/li>\n\n\n\n<li>Hist\u00f3ria da Igreja Antiga e Medieval \u2013 60hs;<\/li>\n\n\n\n<li>Pentateuco e Livros Hist\u00f3ricos \u2013 60hs;<\/li>\n\n\n\n<li>Minist\u00e9rio Diaconal: Hist\u00f3ria e Teologia II \u2013 60hs;<\/li>\n\n\n\n<li>Pr\u00e1tica Pastoral Lit\u00fargica \u2013 30hs.<\/li>\n<\/ol>\n\n\n\n<hr class=\"wp-block-separator has-alpha-channel-opacity\"\/>\n\n\n\n<ol class=\"wp-block-list\" start=\"2\">\n<li><strong>Segundo Ano<\/strong><\/li>\n<\/ol>\n\n\n\n<p><strong><em>Semestre 3 \u2013 430hs:<\/em><\/strong><\/p>\n\n\n\n<ol class=\"wp-block-list\" style=\"list-style-type:upper-roman\">\n<li>Salmos e Sapienciais \u2013 60hs;<\/li>\n\n\n\n<li>Moral Fundamental \u2013 60hs;<\/li>\n\n\n\n<li>Patr\u00edstica \u2013 60hs;<\/li>\n\n\n\n<li>Teologia Pastoral e Catequ\u00e9tica \u2013 60hs;<\/li>\n\n\n\n<li>Livros Prof\u00e9ticos \u2013 60hs;<\/li>\n\n\n\n<li>Est\u00e1gio Curricular Supervisionado I \u2013 100hs<\/li>\n\n\n\n<li>Pr\u00e1tica Pastoral Catequ\u00e9tica \u2013 30hs.<\/li>\n<\/ol>\n\n\n\n<p><strong><em>Semestre 4 \u2013 450hs:<\/em><\/strong><\/p>\n\n\n\n<ol class=\"wp-block-list\" style=\"list-style-type:upper-roman\">\n<li>Evangelhos Sin\u00f3ticos e Atos dos Ap\u00f3stolos \u2013 60hs;<\/li>\n\n\n\n<li>Cristologia e Soteriologia \u2013 60hs;<\/li>\n\n\n\n<li>Hist\u00f3ria da Igreja Moderna e Contempor\u00e2nea \u2013 60hs;<\/li>\n\n\n\n<li>Direito Can\u00f4nico I \u2013 60hs;<\/li>\n\n\n\n<li>Batismo, Crisma e Eucaristia \u2013 60hs;<\/li>\n\n\n\n<li>Moral Social e Doutrina Social da Igreja \u2013 60hs;<\/li>\n\n\n\n<li>Eclesiologia \u2013 60hs;<\/li>\n\n\n\n<li>Pr\u00e1tica Pastoral nas Fam\u00edlias \u2013 30hs.<\/li>\n<\/ol>\n\n\n\n<hr class=\"wp-block-separator has-alpha-channel-opacity\"\/>\n\n\n\n<ol class=\"wp-block-list\" start=\"3\">\n<li><strong>\u00a0Terceiro Ano<\/strong><\/li>\n<\/ol>\n\n\n\n<p><strong><em>Semestre 5 \u2013 520hs:<\/em><\/strong><\/p>\n\n\n\n<ol class=\"wp-block-list\" style=\"list-style-type:upper-roman\">\n<li>Teologia Trinit\u00e1ria \u2013 60hs;<\/li>\n\n\n\n<li>Pneumatologia e Mariologia \u2013 60hs;<\/li>\n\n\n\n<li>Hist\u00f3ria da Igreja na Am\u00e9rica Latina e no Brasil \u2013 60hs;<\/li>\n\n\n\n<li>Cartas Paulinas \u2013 60hs;<\/li>\n\n\n\n<li>Antropologia Teol\u00f3gica \u2013 60hs;<\/li>\n\n\n\n<li>Escritos Joaninos \u2013 60hs;<\/li>\n\n\n\n<li>Penit\u00eancia e Un\u00e7\u00e3o dos Enfermos \u2013 60hs;<\/li>\n\n\n\n<li>Trabalho de Conclus\u00e3o de Curso \u2013 100hs<\/li>\n<\/ol>\n\n\n\n<p><strong><em>Semestre 6 \u2013 580hs:<\/em><\/strong><\/p>\n\n\n\n<ol class=\"wp-block-list\" style=\"list-style-type:upper-roman\">\n<li>Cartas aos Hebreus, Cat\u00f3licas e Apocalipse \u2013 60hs;<\/li>\n\n\n\n<li>Ordem e Matrim\u00f4nio \u2013 60hs;<\/li>\n\n\n\n<li>Moral da Fam\u00edlia, do Amor e do Matrim\u00f4nio \u2013 60hs;<\/li>\n\n\n\n<li>Direito Can\u00f4nico II \u2013 60hs;<\/li>\n\n\n\n<li>Teologia da Gra\u00e7a e Escatologia \u2013 60hs;<\/li>\n\n\n\n<li>Conjuntura Eclesial e Planejamento Pastoral \u2013 60hs;<\/li>\n\n\n\n<li>Bio\u00e9tica \u2013 60hs;<\/li>\n\n\n\n<li>Est\u00e1gio Curricular Supervisionado II \u2013 100hs<\/li>\n\n\n\n<li>Missiologia, Ecumenismo e Di\u00e1logo Inter-religioso \u2013 60hs;<\/li>\n<\/ol>\n\n\n\n<hr class=\"wp-block-separator has-alpha-channel-opacity\"\/>\n\n\n\n<ol class=\"wp-block-list\" start=\"4\">\n<li><strong>\u00a0Elementos Curriculares Obrigat\u00f3rios<\/strong><\/li>\n<\/ol>\n\n\n\n<ol class=\"wp-block-list\" style=\"list-style-type:upper-roman\">\n<li>Est\u00e1gio Curricular Supervisionado (realizado conforme orienta\u00e7\u00e3o da Dire\u00e7\u00e3o Geral) \u2013 200hs;<\/li>\n\n\n\n<li>Atividades Complementares \/ Pr\u00e1ticas Pastorais \u2013 120hs;<\/li>\n\n\n\n<li>Trabalho de Conclus\u00e3o de Curso (metodologia a ser definida pela Dire\u00e7\u00e3o Geral) \u2013 100hs;<\/li>\n\n\n\n<li>Extens\u00e3o Curricular \u2013 200hs.<\/li>\n<\/ol>\n\n\n\n<ol class=\"wp-block-list\" start=\"5\">\n<li><strong>\u00a0Carga Hor\u00e1rio do Curso<\/strong><\/li>\n<\/ol>\n\n\n\n<ol class=\"wp-block-list\" style=\"list-style-type:upper-roman\">\n<li><strong>Componentes Fixos no Curr\u00edculo<\/strong>: Disciplinas + Est\u00e1gio Curricular Supervisionado + Atividades Complementares \/ Pr\u00e1ticas Pastorais + Trabalho de Conclus\u00e3o de Curso = <strong>2.760 horas<\/strong>;<\/li>\n\n\n\n<li><strong>Extens\u00e3o Curricular<\/strong> = 200hs;<\/li>\n\n\n\n<li><strong>Retiros anuais<\/strong> = 140hs;<\/li>\n\n\n\n<li><strong>Total da Forma\u00e7\u00e3o<\/strong> = 3.100hs.<\/li>\n<\/ol>\n\n\n\n<p class=\"has-text-align-center\">Aqui est\u00e1 uma proposta de grade curricular para um curso da Escola Diaconal, voltado para os candidatos ao minist\u00e9rio ordenado. Esta grade curricular inclui uma variedade de disciplinas para fornecer uma educa\u00e7\u00e3o abrangente em teologia e minist\u00e9rio pastoral.<\/p>\n\n\n\n<p class=\"has-text-align-center\">A forma\u00e7\u00e3o em Teologia na Escola Diaconal para os candidatos ao diaconato funcionar\u00e1 na modalidade de curso livre, respaldada pela legisla\u00e7\u00e3o que regulamenta esse tipo de ensino. Conforme a Lei de Diretrizes e Bases da Educa\u00e7\u00e3o Nacional (Lei n\u00ba 9.394\/96), em seu artigo 44, inciso II, os cursos livres s\u00e3o permitidos como uma modalidade de educa\u00e7\u00e3o n\u00e3o formal, onde ser\u00e3o fornecidos aos concluintes o certificado de conclus\u00e3o do curso emitido pela diocese, com o seu hist\u00f3rico.<\/p>\n\n\n\n<p class=\"has-text-align-center\">Al\u00e9m disso, a matriz curricular do curso de Teologia foi elaborada considerando as diretrizes legais para os cursos de Bacharel em Teologia, garantindo uma base s\u00f3lida de conhecimento teol\u00f3gico e pastoral aos candidatos ao diaconato.<\/p>\n","protected":false},"excerpt":{"rendered":"<p>Diante da import\u00e2ncia do minist\u00e9rio diaconal, no processo formativo duas dimens\u00f5es s\u00e3o fundamentais: a intelectual e a humano-espiritual. No que diz respeito \u00e0 dimens\u00e3o intelectual, os conte\u00fados ser\u00e3o trabalhados: Semestre &#8230;<\/p>\n","protected":false},"author":1,"featured_media":0,"parent":0,"menu_order":0,"comment_status":"closed","ping_status":"closed","template":"","meta":{"footnotes":""},"class_list":["post-106","page","type-page","status-publish","hentry"],"yoast_head":"<!-- This site is optimized with the Yoast SEO plugin v25.3.1 - https:\/\/yoast.com\/wordpress\/plugins\/seo\/ -->\n<title>CONTE\u00daDO CURRICULAR - Escola Diocesana de Forma\u00e7\u00e3o Bom Pastor<\/title>\n<meta name=\"robots\" content=\"index, follow, max-snippet:-1, max-image-preview:large, max-video-preview:-1\" \/>\n<link rel=\"canonical\" href=\"https:\/\/escolavirtualbompastor.com.br\/index.php\/conteudo-curricular\/\" \/>\n<meta property=\"og:locale\" content=\"pt_BR\" \/>\n<meta property=\"og:type\" content=\"article\" \/>\n<meta property=\"og:title\" content=\"CONTE\u00daDO CURRICULAR - Escola Diocesana de Forma\u00e7\u00e3o Bom Pastor\" \/>\n<meta property=\"og:description\" content=\"Diante da import\u00e2ncia do minist\u00e9rio diaconal, no processo formativo duas dimens\u00f5es s\u00e3o fundamentais: a intelectual e a humano-espiritual. No que diz respeito \u00e0 dimens\u00e3o intelectual, os conte\u00fados ser\u00e3o trabalhados: Semestre ...\" \/>\n<meta property=\"og:url\" content=\"https:\/\/escolavirtualbompastor.com.br\/index.php\/conteudo-curricular\/\" \/>\n<meta property=\"og:site_name\" content=\"Escola Diocesana de Forma\u00e7\u00e3o Bom Pastor\" \/>\n<meta property=\"article:modified_time\" content=\"2026-02-01T20:43:45+00:00\" \/>\n<meta name=\"twitter:card\" content=\"summary_large_image\" \/>\n<script type=\"application\/ld+json\" class=\"yoast-schema-graph\">{\"@context\":\"https:\/\/schema.org\",\"@graph\":[{\"@type\":\"WebPage\",\"@id\":\"https:\/\/escolavirtualbompastor.com.br\/index.php\/conteudo-curricular\/\",\"url\":\"https:\/\/escolavirtualbompastor.com.br\/index.php\/conteudo-curricular\/\",\"name\":\"CONTE\u00daDO CURRICULAR - Escola Diocesana de Forma\u00e7\u00e3o Bom Pastor\",\"isPartOf\":{\"@id\":\"https:\/\/escolavirtualbompastor.com.br\/#website\"},\"datePublished\":\"2024-04-18T15:04:38+00:00\",\"dateModified\":\"2026-02-01T20:43:45+00:00\",\"breadcrumb\":{\"@id\":\"https:\/\/escolavirtualbompastor.com.br\/index.php\/conteudo-curricular\/#breadcrumb\"},\"inLanguage\":\"pt-BR\",\"potentialAction\":[{\"@type\":\"ReadAction\",\"target\":[\"https:\/\/escolavirtualbompastor.com.br\/index.php\/conteudo-curricular\/\"]}]},{\"@type\":\"BreadcrumbList\",\"@id\":\"https:\/\/escolavirtualbompastor.com.br\/index.php\/conteudo-curricular\/#breadcrumb\",\"itemListElement\":[{\"@type\":\"ListItem\",\"position\":1,\"name\":\"In\u00edcio\",\"item\":\"https:\/\/escolavirtualbompastor.com.br\/\"},{\"@type\":\"ListItem\",\"position\":2,\"name\":\"CONTE\u00daDO CURRICULAR\"}]},{\"@type\":\"WebSite\",\"@id\":\"https:\/\/escolavirtualbompastor.com.br\/#website\",\"url\":\"https:\/\/escolavirtualbompastor.com.br\/\",\"name\":\"Escola Diocesana de Forma\u00e7\u00e3o Bom Pastor\",\"description\":\"A Escola Diocesana de Forma\u00e7\u00e3o Bom Pastor \u00e9 um espa\u00e7o de forma\u00e7\u00e3o, espiritualidade e servi\u00e7o para todo o Povo de Deus da Diocese de Graja\u00fa. Aqui, candidatos ao diaconado, agentes de pastoral, membros de movimentos, minist\u00e9rios e comunidades encontram cursos, encontros e forma\u00e7\u00f5es continuadas para aprofundar sua f\u00e9 e miss\u00e3o evangelizadora.\",\"publisher\":{\"@id\":\"https:\/\/escolavirtualbompastor.com.br\/#organization\"},\"potentialAction\":[{\"@type\":\"SearchAction\",\"target\":{\"@type\":\"EntryPoint\",\"urlTemplate\":\"https:\/\/escolavirtualbompastor.com.br\/?s={search_term_string}\"},\"query-input\":{\"@type\":\"PropertyValueSpecification\",\"valueRequired\":true,\"valueName\":\"search_term_string\"}}],\"inLanguage\":\"pt-BR\"},{\"@type\":\"Organization\",\"@id\":\"https:\/\/escolavirtualbompastor.com.br\/#organization\",\"name\":\"Escola Diocesana de Forma\u00e7\u00e3o Bom Pastor\",\"url\":\"https:\/\/escolavirtualbompastor.com.br\/\",\"logo\":{\"@type\":\"ImageObject\",\"inLanguage\":\"pt-BR\",\"@id\":\"https:\/\/escolavirtualbompastor.com.br\/#\/schema\/logo\/image\/\",\"url\":\"https:\/\/escolavirtualbompastor.com.br\/wp-content\/uploads\/2025\/06\/cropped-logos-2.png\",\"contentUrl\":\"https:\/\/escolavirtualbompastor.com.br\/wp-content\/uploads\/2025\/06\/cropped-logos-2.png\",\"width\":209,\"height\":89,\"caption\":\"Escola Diocesana de Forma\u00e7\u00e3o Bom Pastor\"},\"image\":{\"@id\":\"https:\/\/escolavirtualbompastor.com.br\/#\/schema\/logo\/image\/\"}}]}<\/script>\n<!-- \/ Yoast SEO plugin. -->","yoast_head_json":{"title":"CONTE\u00daDO CURRICULAR - Escola Diocesana de Forma\u00e7\u00e3o Bom Pastor","robots":{"index":"index","follow":"follow","max-snippet":"max-snippet:-1","max-image-preview":"max-image-preview:large","max-video-preview":"max-video-preview:-1"},"canonical":"https:\/\/escolavirtualbompastor.com.br\/index.php\/conteudo-curricular\/","og_locale":"pt_BR","og_type":"article","og_title":"CONTE\u00daDO CURRICULAR - Escola Diocesana de Forma\u00e7\u00e3o Bom Pastor","og_description":"Diante da import\u00e2ncia do minist\u00e9rio diaconal, no processo formativo duas dimens\u00f5es s\u00e3o fundamentais: a intelectual e a humano-espiritual. No que diz respeito \u00e0 dimens\u00e3o intelectual, os conte\u00fados ser\u00e3o trabalhados: Semestre ...","og_url":"https:\/\/escolavirtualbompastor.com.br\/index.php\/conteudo-curricular\/","og_site_name":"Escola Diocesana de Forma\u00e7\u00e3o Bom Pastor","article_modified_time":"2026-02-01T20:43:45+00:00","twitter_card":"summary_large_image","schema":{"@context":"https:\/\/schema.org","@graph":[{"@type":"WebPage","@id":"https:\/\/escolavirtualbompastor.com.br\/index.php\/conteudo-curricular\/","url":"https:\/\/escolavirtualbompastor.com.br\/index.php\/conteudo-curricular\/","name":"CONTE\u00daDO CURRICULAR - Escola Diocesana de Forma\u00e7\u00e3o Bom Pastor","isPartOf":{"@id":"https:\/\/escolavirtualbompastor.com.br\/#website"},"datePublished":"2024-04-18T15:04:38+00:00","dateModified":"2026-02-01T20:43:45+00:00","breadcrumb":{"@id":"https:\/\/escolavirtualbompastor.com.br\/index.php\/conteudo-curricular\/#breadcrumb"},"inLanguage":"pt-BR","potentialAction":[{"@type":"ReadAction","target":["https:\/\/escolavirtualbompastor.com.br\/index.php\/conteudo-curricular\/"]}]},{"@type":"BreadcrumbList","@id":"https:\/\/escolavirtualbompastor.com.br\/index.php\/conteudo-curricular\/#breadcrumb","itemListElement":[{"@type":"ListItem","position":1,"name":"In\u00edcio","item":"https:\/\/escolavirtualbompastor.com.br\/"},{"@type":"ListItem","position":2,"name":"CONTE\u00daDO CURRICULAR"}]},{"@type":"WebSite","@id":"https:\/\/escolavirtualbompastor.com.br\/#website","url":"https:\/\/escolavirtualbompastor.com.br\/","name":"Escola Diocesana de Forma\u00e7\u00e3o Bom Pastor","description":"A Escola Diocesana de Forma\u00e7\u00e3o Bom Pastor \u00e9 um espa\u00e7o de forma\u00e7\u00e3o, espiritualidade e servi\u00e7o para todo o Povo de Deus da Diocese de Graja\u00fa. Aqui, candidatos ao diaconado, agentes de pastoral, membros de movimentos, minist\u00e9rios e comunidades encontram cursos, encontros e forma\u00e7\u00f5es continuadas para aprofundar sua f\u00e9 e miss\u00e3o evangelizadora.","publisher":{"@id":"https:\/\/escolavirtualbompastor.com.br\/#organization"},"potentialAction":[{"@type":"SearchAction","target":{"@type":"EntryPoint","urlTemplate":"https:\/\/escolavirtualbompastor.com.br\/?s={search_term_string}"},"query-input":{"@type":"PropertyValueSpecification","valueRequired":true,"valueName":"search_term_string"}}],"inLanguage":"pt-BR"},{"@type":"Organization","@id":"https:\/\/escolavirtualbompastor.com.br\/#organization","name":"Escola Diocesana de Forma\u00e7\u00e3o Bom Pastor","url":"https:\/\/escolavirtualbompastor.com.br\/","logo":{"@type":"ImageObject","inLanguage":"pt-BR","@id":"https:\/\/escolavirtualbompastor.com.br\/#\/schema\/logo\/image\/","url":"https:\/\/escolavirtualbompastor.com.br\/wp-content\/uploads\/2025\/06\/cropped-logos-2.png","contentUrl":"https:\/\/escolavirtualbompastor.com.br\/wp-content\/uploads\/2025\/06\/cropped-logos-2.png","width":209,"height":89,"caption":"Escola Diocesana de Forma\u00e7\u00e3o Bom Pastor"},"image":{"@id":"https:\/\/escolavirtualbompastor.com.br\/#\/schema\/logo\/image\/"}}]}},"_links":{"self":[{"href":"https:\/\/escolavirtualbompastor.com.br\/index.php\/wp-json\/wp\/v2\/pages\/106","targetHints":{"allow":["GET"]}}],"collection":[{"href":"https:\/\/escolavirtualbompastor.com.br\/index.php\/wp-json\/wp\/v2\/pages"}],"about":[{"href":"https:\/\/escolavirtualbompastor.com.br\/index.php\/wp-json\/wp\/v2\/types\/page"}],"author":[{"embeddable":true,"href":"https:\/\/escolavirtualbompastor.com.br\/index.php\/wp-json\/wp\/v2\/users\/1"}],"replies":[{"embeddable":true,"href":"https:\/\/escolavirtualbompastor.com.br\/index.php\/wp-json\/wp\/v2\/comments?post=106"}],"version-history":[{"count":1,"href":"https:\/\/escolavirtualbompastor.com.br\/index.php\/wp-json\/wp\/v2\/pages\/106\/revisions"}],"predecessor-version":[{"id":107,"href":"https:\/\/escolavirtualbompastor.com.br\/index.php\/wp-json\/wp\/v2\/pages\/106\/revisions\/107"}],"wp:attachment":[{"href":"https:\/\/escolavirtualbompastor.com.br\/index.php\/wp-json\/wp\/v2\/media?parent=106"}],"curies":[{"name":"wp","href":"https:\/\/api.w.org\/{rel}","templated":true}]}}