{"id":267,"date":"2024-08-10T09:07:41","date_gmt":"2024-08-10T12:07:41","guid":{"rendered":"https:\/\/escolavirtualbompastor.com.br\/?page_id=267"},"modified":"2026-02-01T17:44:00","modified_gmt":"2026-02-01T20:44:00","slug":"diaconos-permanentes-da-diocese-de-grajau-ma","status":"publish","type":"page","link":"https:\/\/escolavirtualbompastor.com.br\/index.php\/diaconos-permanentes-da-diocese-de-grajau-ma\/","title":{"rendered":"DI\u00c1CONOS PERMANENTES"},"content":{"rendered":"\n<div class=\"wp-block-media-text is-stacked-on-mobile\" style=\"grid-template-columns:25% auto\"><figure class=\"wp-block-media-text__media\"><img fetchpriority=\"high\" decoding=\"async\" width=\"354\" height=\"430\" src=\"https:\/\/escolavirtualbompastor.com.br\/wp-content\/uploads\/2024\/08\/Diacono-Anatolio-Formosa.png\" alt=\"\" class=\"wp-image-271 size-full\" srcset=\"https:\/\/escolavirtualbompastor.com.br\/wp-content\/uploads\/2024\/08\/Diacono-Anatolio-Formosa.png 354w, https:\/\/escolavirtualbompastor.com.br\/wp-content\/uploads\/2024\/08\/Diacono-Anatolio-Formosa-247x300.png 247w\" sizes=\"(max-width: 354px) 100vw, 354px\" \/><\/figure><div class=\"wp-block-media-text__content\">\n<p class=\"has-text-align-center\"><strong>Di\u00e1c. Anat\u00f3lio Aguiar Cunha<\/strong><\/p>\n\n\n\n<p><strong>Nasc.:<\/strong> 10\/07\/1968<\/p>\n\n\n\n<p><strong>Ordena\u00e7\u00e3o:<\/strong> 27\/06\/2015<\/p>\n\n\n\n<p><strong>Par\u00f3quia:<\/strong> S\u00e3o Jo\u00e3o Batista &#8211; Formosa da Serra Negra<\/p>\n<\/div><\/div>\n\n\n\n<div class=\"wp-block-media-text is-stacked-on-mobile\" style=\"grid-template-columns:25% auto\"><figure class=\"wp-block-media-text__media\"><img decoding=\"async\" width=\"354\" height=\"430\" src=\"https:\/\/escolavirtualbompastor.com.br\/wp-content\/uploads\/2024\/08\/Diacono-Dalvino.png\" alt=\"\" class=\"wp-image-274 size-full\" srcset=\"https:\/\/escolavirtualbompastor.com.br\/wp-content\/uploads\/2024\/08\/Diacono-Dalvino.png 354w, https:\/\/escolavirtualbompastor.com.br\/wp-content\/uploads\/2024\/08\/Diacono-Dalvino-247x300.png 247w\" sizes=\"(max-width: 354px) 100vw, 354px\" \/><\/figure><div class=\"wp-block-media-text__content\">\n<p class=\"has-text-align-center\"><strong>Di\u00e1c. Dalvino Barbosa Lima<\/strong><\/p>\n\n\n\n<p><strong>Nasc.:<\/strong> 22\/11\/1936<\/p>\n\n\n\n<p><strong>Ordena\u00e7\u00e3o:<\/strong> 17\/07\/2010<\/p>\n\n\n\n<p><strong>Par\u00f3quia:<\/strong> S\u00e3o Jos\u00e9 &#8211; Presidente Dutra \/ MA<\/p>\n<\/div><\/div>\n\n\n\n<div class=\"wp-block-media-text is-stacked-on-mobile\" style=\"grid-template-columns:25% auto\"><figure class=\"wp-block-media-text__media\"><img decoding=\"async\" width=\"354\" height=\"430\" src=\"https:\/\/escolavirtualbompastor.com.br\/wp-content\/uploads\/2024\/08\/Diacono-Elias.png\" alt=\"\" class=\"wp-image-282 size-full\" srcset=\"https:\/\/escolavirtualbompastor.com.br\/wp-content\/uploads\/2024\/08\/Diacono-Elias.png 354w, https:\/\/escolavirtualbompastor.com.br\/wp-content\/uploads\/2024\/08\/Diacono-Elias-247x300.png 247w\" sizes=\"(max-width: 354px) 100vw, 354px\" \/><\/figure><div class=\"wp-block-media-text__content\">\n<p class=\"has-text-align-center\"><strong>Di\u00e1c. Elias do Nascimento<\/strong><\/p>\n\n\n\n<p><strong>Nasc.:<\/strong> 15\/11\/1971<\/p>\n\n\n\n<p><strong>Ordena\u00e7\u00e3o:<\/strong> 27\/06\/2015<\/p>\n\n\n\n<p><strong>Par\u00f3quia:<\/strong> S\u00e3o Raimundo Nonato &#8211; Tuntum \/ MA<\/p>\n<\/div><\/div>\n\n\n\n<div class=\"wp-block-media-text is-stacked-on-mobile\" style=\"grid-template-columns:25% auto\"><figure class=\"wp-block-media-text__media\"><img loading=\"lazy\" decoding=\"async\" width=\"354\" height=\"430\" src=\"https:\/\/escolavirtualbompastor.com.br\/wp-content\/uploads\/2024\/08\/Diacono-Adalto.png\" alt=\"\" class=\"wp-image-276 size-full\" srcset=\"https:\/\/escolavirtualbompastor.com.br\/wp-content\/uploads\/2024\/08\/Diacono-Adalto.png 354w, https:\/\/escolavirtualbompastor.com.br\/wp-content\/uploads\/2024\/08\/Diacono-Adalto-247x300.png 247w\" sizes=\"(max-width: 354px) 100vw, 354px\" \/><\/figure><div class=\"wp-block-media-text__content\">\n<p class=\"has-text-align-center\"><strong>Di\u00e1c. Francisco Adalto Madeiro Gomes<\/strong><\/p>\n\n\n\n<p><strong>Nasc.:<\/strong> 06\/12\/1949<\/p>\n\n\n\n<p><strong>Ordena\u00e7\u00e3o:<\/strong> 27\/06\/2015<\/p>\n\n\n\n<p><strong>Par\u00f3quia:<\/strong> Dom Pedro \/ MA<\/p>\n<\/div><\/div>\n\n\n\n<div class=\"wp-block-media-text is-stacked-on-mobile\" style=\"grid-template-columns:25% auto\"><figure class=\"wp-block-media-text__media\"><img loading=\"lazy\" decoding=\"async\" width=\"354\" height=\"430\" src=\"https:\/\/escolavirtualbompastor.com.br\/wp-content\/uploads\/2024\/08\/Diac.-Francisco-de-Assis.png\" alt=\"\" class=\"wp-image-308 size-full\" srcset=\"https:\/\/escolavirtualbompastor.com.br\/wp-content\/uploads\/2024\/08\/Diac.-Francisco-de-Assis.png 354w, https:\/\/escolavirtualbompastor.com.br\/wp-content\/uploads\/2024\/08\/Diac.-Francisco-de-Assis-247x300.png 247w\" sizes=\"(max-width: 354px) 100vw, 354px\" \/><\/figure><div class=\"wp-block-media-text__content\">\n<p class=\"has-text-align-center\"><strong>Di\u00e1c. Francisco de Assis Gomes Rodrigues<\/strong><\/p>\n\n\n\n<p><strong>Nasc.:<\/strong> 02\/12\/1948<\/p>\n\n\n\n<p><strong>Ordena\u00e7\u00e3o:<\/strong> 17\/07\/2010<\/p>\n\n\n\n<p><strong>Par\u00f3quia:<\/strong> S\u00e3o Jo\u00e3o Batista &#8211; Formosa da Serra Negra<\/p>\n<\/div><\/div>\n\n\n\n<div class=\"wp-block-media-text is-stacked-on-mobile\" style=\"grid-template-columns:25% auto\"><figure class=\"wp-block-media-text__media\"><img loading=\"lazy\" decoding=\"async\" width=\"354\" height=\"430\" src=\"https:\/\/escolavirtualbompastor.com.br\/wp-content\/uploads\/2024\/08\/Diacono-Joao-Batista.png\" alt=\"\" class=\"wp-image-278 size-full\" srcset=\"https:\/\/escolavirtualbompastor.com.br\/wp-content\/uploads\/2024\/08\/Diacono-Joao-Batista.png 354w, https:\/\/escolavirtualbompastor.com.br\/wp-content\/uploads\/2024\/08\/Diacono-Joao-Batista-247x300.png 247w\" sizes=\"(max-width: 354px) 100vw, 354px\" \/><\/figure><div class=\"wp-block-media-text__content\">\n<p class=\"has-text-align-center\"><strong>Di\u00e1c. Jo\u00e3o Batista Andrade Soares<\/strong><\/p>\n\n\n\n<p><strong>Nasc.:<\/strong> 23\/01\/1960<\/p>\n\n\n\n<p><strong>Ordena\u00e7\u00e3o:<\/strong> 17\/07\/2010<\/p>\n\n\n\n<p><strong>Par\u00f3quia:<\/strong> S\u00e3o Jo\u00e3o Batista &#8211; Formosa da Serra Negra<\/p>\n<\/div><\/div>\n\n\n\n<div class=\"wp-block-media-text is-stacked-on-mobile\" style=\"grid-template-columns:25% auto\"><figure class=\"wp-block-media-text__media\"><img loading=\"lazy\" decoding=\"async\" width=\"354\" height=\"430\" src=\"https:\/\/escolavirtualbompastor.com.br\/wp-content\/uploads\/2024\/08\/Diacono-Joao-Batista-Barra-do-Corda-1.png\" alt=\"\" class=\"wp-image-288 size-full\" srcset=\"https:\/\/escolavirtualbompastor.com.br\/wp-content\/uploads\/2024\/08\/Diacono-Joao-Batista-Barra-do-Corda-1.png 354w, https:\/\/escolavirtualbompastor.com.br\/wp-content\/uploads\/2024\/08\/Diacono-Joao-Batista-Barra-do-Corda-1-247x300.png 247w\" sizes=\"(max-width: 354px) 100vw, 354px\" \/><\/figure><div class=\"wp-block-media-text__content\">\n<p class=\"has-text-align-center\"><strong>Di\u00e1c. Jo\u00e3o Batista da Silva Cruz<\/strong><\/p>\n\n\n\n<p><strong>Nasc.:<\/strong> 14\/03\/1961<\/p>\n\n\n\n<p><strong>Ordena\u00e7\u00e3o:<\/strong> 17\/07\/2010<\/p>\n\n\n\n<p><strong>Par\u00f3quia:<\/strong> Santa Gianna &#8211; Barra do Corda \/ MA<\/p>\n<\/div><\/div>\n\n\n\n<div class=\"wp-block-media-text is-stacked-on-mobile\" style=\"grid-template-columns:25% auto\"><figure class=\"wp-block-media-text__media\"><img loading=\"lazy\" decoding=\"async\" width=\"354\" height=\"430\" src=\"https:\/\/escolavirtualbompastor.com.br\/wp-content\/uploads\/2024\/08\/Diacono-Maury.png\" alt=\"\" class=\"wp-image-286 size-full\" srcset=\"https:\/\/escolavirtualbompastor.com.br\/wp-content\/uploads\/2024\/08\/Diacono-Maury.png 354w, https:\/\/escolavirtualbompastor.com.br\/wp-content\/uploads\/2024\/08\/Diacono-Maury-247x300.png 247w\" sizes=\"(max-width: 354px) 100vw, 354px\" \/><\/figure><div class=\"wp-block-media-text__content\">\n<p class=\"has-text-align-center\"><strong>Di\u00e1c. Maury Trindade<\/strong><\/p>\n\n\n\n<p><strong>Nasc.:<\/strong> 28\/07\/1956<\/p>\n\n\n\n<p><strong>Ordena\u00e7\u00e3o:<\/strong> 27\/06\/2015<\/p>\n\n\n\n<p><strong>Par\u00f3quia:<\/strong> S\u00e3o Raimundo Nonato &#8211; Tuntum \/ MA<\/p>\n<\/div><\/div>\n\n\n\n<div class=\"wp-block-media-text is-stacked-on-mobile\" style=\"grid-template-columns:25% auto\"><figure class=\"wp-block-media-text__media\"><img loading=\"lazy\" decoding=\"async\" width=\"354\" height=\"430\" src=\"https:\/\/escolavirtualbompastor.com.br\/wp-content\/uploads\/2024\/08\/Diacono-Moacir.png\" alt=\"\" class=\"wp-image-324 size-full\" srcset=\"https:\/\/escolavirtualbompastor.com.br\/wp-content\/uploads\/2024\/08\/Diacono-Moacir.png 354w, https:\/\/escolavirtualbompastor.com.br\/wp-content\/uploads\/2024\/08\/Diacono-Moacir-247x300.png 247w\" sizes=\"(max-width: 354px) 100vw, 354px\" \/><\/figure><div class=\"wp-block-media-text__content\">\n<p class=\"has-text-align-center\"><strong>Di\u00e1c. Moac\u00ed da Silva e Silva<\/strong><\/p>\n\n\n\n<p><strong>Nasc.:<\/strong> 20\/09\/1950<\/p>\n\n\n\n<p><strong>Ordena\u00e7\u00e3o:<\/strong> 17\/07\/2010<\/p>\n\n\n\n<p><strong>Par\u00f3quia:<\/strong> Nossa Senhora de Nazar\u00e9 &#8211; Dom Pedro\/MA<\/p>\n<\/div><\/div>\n\n\n\n<div class=\"wp-block-media-text is-stacked-on-mobile\" style=\"grid-template-columns:26% auto\"><figure class=\"wp-block-media-text__media\"><img loading=\"lazy\" decoding=\"async\" width=\"354\" height=\"430\" src=\"https:\/\/escolavirtualbompastor.com.br\/wp-content\/uploads\/2024\/08\/Diacono-Pedo.png\" alt=\"\" class=\"wp-image-284 size-full\" srcset=\"https:\/\/escolavirtualbompastor.com.br\/wp-content\/uploads\/2024\/08\/Diacono-Pedo.png 354w, https:\/\/escolavirtualbompastor.com.br\/wp-content\/uploads\/2024\/08\/Diacono-Pedo-247x300.png 247w\" sizes=\"(max-width: 354px) 100vw, 354px\" \/><\/figure><div class=\"wp-block-media-text__content\">\n<p class=\"has-text-align-center\"><strong>Di\u00e1c. Pedro Pereira dos Santos<\/strong><\/p>\n\n\n\n<p><strong>Nasc.:<\/strong> 02\/11\/1961<\/p>\n\n\n\n<p><strong>Ordena\u00e7\u00e3o:<\/strong> 26\/06\/2015<\/p>\n\n\n\n<p><strong>Par\u00f3quia:<\/strong> S\u00e3o Jo\u00e3o Batista &#8211; Formosa da Serra Negra<\/p>\n<\/div><\/div>\n\n\n\n<div class=\"wp-block-media-text is-stacked-on-mobile\" style=\"grid-template-columns:26% auto\"><figure class=\"wp-block-media-text__media\"><img loading=\"lazy\" decoding=\"async\" width=\"354\" height=\"430\" src=\"https:\/\/escolavirtualbompastor.com.br\/wp-content\/uploads\/2024\/08\/Diacono-Sebastiao.png\" alt=\"\" class=\"wp-image-280 size-full\" srcset=\"https:\/\/escolavirtualbompastor.com.br\/wp-content\/uploads\/2024\/08\/Diacono-Sebastiao.png 354w, https:\/\/escolavirtualbompastor.com.br\/wp-content\/uploads\/2024\/08\/Diacono-Sebastiao-247x300.png 247w\" sizes=\"(max-width: 354px) 100vw, 354px\" \/><\/figure><div class=\"wp-block-media-text__content\">\n<p class=\"has-text-align-center\"><strong>Di\u00e1c. Sebasti\u00e3o Francisco da Silva<\/strong><\/p>\n\n\n\n<p><strong>Nasc.:<\/strong> 06\/04\/1962<\/p>\n\n\n\n<p><strong>Ordena\u00e7\u00e3o:<\/strong> 27\/06\/2015<\/p>\n\n\n\n<p><strong>Par\u00f3quia:<\/strong> S\u00e3o Raimundo Nonato &#8211; Tuntum \/ MA<\/p>\n<\/div><\/div>\n","protected":false},"excerpt":{"rendered":"<p>Di\u00e1c. Anat\u00f3lio Aguiar Cunha Nasc.: 10\/07\/1968 Ordena\u00e7\u00e3o: 27\/06\/2015 Par\u00f3quia: S\u00e3o Jo\u00e3o Batista &#8211; Formosa da Serra Negra Di\u00e1c. Dalvino Barbosa Lima Nasc.: 22\/11\/1936 Ordena\u00e7\u00e3o: 17\/07\/2010 Par\u00f3quia: S\u00e3o Jos\u00e9 &#8211; Presidente &#8230;<\/p>\n","protected":false},"author":1,"featured_media":0,"parent":0,"menu_order":0,"comment_status":"closed","ping_status":"closed","template":"","meta":{"footnotes":""},"class_list":["post-267","page","type-page","status-publish","hentry"],"yoast_head":"<!-- This site is optimized with the Yoast SEO plugin v25.3.1 - https:\/\/yoast.com\/wordpress\/plugins\/seo\/ -->\n<title>DI\u00c1CONOS PERMANENTES - Escola Diocesana de Forma\u00e7\u00e3o Bom Pastor<\/title>\n<meta name=\"robots\" content=\"index, follow, max-snippet:-1, max-image-preview:large, max-video-preview:-1\" \/>\n<link rel=\"canonical\" href=\"https:\/\/escolavirtualbompastor.com.br\/index.php\/diaconos-permanentes-da-diocese-de-grajau-ma\/\" \/>\n<meta property=\"og:locale\" content=\"pt_BR\" \/>\n<meta property=\"og:type\" content=\"article\" \/>\n<meta property=\"og:title\" content=\"DI\u00c1CONOS PERMANENTES - Escola Diocesana de Forma\u00e7\u00e3o Bom Pastor\" \/>\n<meta property=\"og:description\" content=\"Di\u00e1c. Anat\u00f3lio Aguiar Cunha Nasc.: 10\/07\/1968 Ordena\u00e7\u00e3o: 27\/06\/2015 Par\u00f3quia: S\u00e3o Jo\u00e3o Batista &#8211; Formosa da Serra Negra Di\u00e1c. Dalvino Barbosa Lima Nasc.: 22\/11\/1936 Ordena\u00e7\u00e3o: 17\/07\/2010 Par\u00f3quia: S\u00e3o Jos\u00e9 &#8211; Presidente ...\" \/>\n<meta property=\"og:url\" content=\"https:\/\/escolavirtualbompastor.com.br\/index.php\/diaconos-permanentes-da-diocese-de-grajau-ma\/\" \/>\n<meta property=\"og:site_name\" content=\"Escola Diocesana de Forma\u00e7\u00e3o Bom Pastor\" \/>\n<meta property=\"article:modified_time\" content=\"2026-02-01T20:44:00+00:00\" \/>\n<meta property=\"og:image\" content=\"https:\/\/escolavirtualbompastor.com.br\/wp-content\/uploads\/2024\/08\/Diacono-Anatolio-Formosa.png\" \/>\n\t<meta property=\"og:image:width\" content=\"354\" \/>\n\t<meta property=\"og:image:height\" content=\"430\" \/>\n\t<meta property=\"og:image:type\" content=\"image\/png\" \/>\n<meta name=\"twitter:card\" content=\"summary_large_image\" \/>\n<script type=\"application\/ld+json\" class=\"yoast-schema-graph\">{\"@context\":\"https:\/\/schema.org\",\"@graph\":[{\"@type\":\"WebPage\",\"@id\":\"https:\/\/escolavirtualbompastor.com.br\/index.php\/diaconos-permanentes-da-diocese-de-grajau-ma\/\",\"url\":\"https:\/\/escolavirtualbompastor.com.br\/index.php\/diaconos-permanentes-da-diocese-de-grajau-ma\/\",\"name\":\"DI\u00c1CONOS PERMANENTES - Escola Diocesana de Forma\u00e7\u00e3o Bom Pastor\",\"isPartOf\":{\"@id\":\"https:\/\/escolavirtualbompastor.com.br\/#website\"},\"primaryImageOfPage\":{\"@id\":\"https:\/\/escolavirtualbompastor.com.br\/index.php\/diaconos-permanentes-da-diocese-de-grajau-ma\/#primaryimage\"},\"image\":{\"@id\":\"https:\/\/escolavirtualbompastor.com.br\/index.php\/diaconos-permanentes-da-diocese-de-grajau-ma\/#primaryimage\"},\"thumbnailUrl\":\"https:\/\/escolavirtualbompastor.com.br\/wp-content\/uploads\/2024\/08\/Diacono-Anatolio-Formosa.png\",\"datePublished\":\"2024-08-10T12:07:41+00:00\",\"dateModified\":\"2026-02-01T20:44:00+00:00\",\"breadcrumb\":{\"@id\":\"https:\/\/escolavirtualbompastor.com.br\/index.php\/diaconos-permanentes-da-diocese-de-grajau-ma\/#breadcrumb\"},\"inLanguage\":\"pt-BR\",\"potentialAction\":[{\"@type\":\"ReadAction\",\"target\":[\"https:\/\/escolavirtualbompastor.com.br\/index.php\/diaconos-permanentes-da-diocese-de-grajau-ma\/\"]}]},{\"@type\":\"ImageObject\",\"inLanguage\":\"pt-BR\",\"@id\":\"https:\/\/escolavirtualbompastor.com.br\/index.php\/diaconos-permanentes-da-diocese-de-grajau-ma\/#primaryimage\",\"url\":\"https:\/\/escolavirtualbompastor.com.br\/wp-content\/uploads\/2024\/08\/Diacono-Anatolio-Formosa.png\",\"contentUrl\":\"https:\/\/escolavirtualbompastor.com.br\/wp-content\/uploads\/2024\/08\/Diacono-Anatolio-Formosa.png\",\"width\":354,\"height\":430},{\"@type\":\"BreadcrumbList\",\"@id\":\"https:\/\/escolavirtualbompastor.com.br\/index.php\/diaconos-permanentes-da-diocese-de-grajau-ma\/#breadcrumb\",\"itemListElement\":[{\"@type\":\"ListItem\",\"position\":1,\"name\":\"In\u00edcio\",\"item\":\"https:\/\/escolavirtualbompastor.com.br\/\"},{\"@type\":\"ListItem\",\"position\":2,\"name\":\"DI\u00c1CONOS PERMANENTES\"}]},{\"@type\":\"WebSite\",\"@id\":\"https:\/\/escolavirtualbompastor.com.br\/#website\",\"url\":\"https:\/\/escolavirtualbompastor.com.br\/\",\"name\":\"Escola Diocesana de Forma\u00e7\u00e3o Bom Pastor\",\"description\":\"A Escola Diocesana de Forma\u00e7\u00e3o Bom Pastor \u00e9 um espa\u00e7o de forma\u00e7\u00e3o, espiritualidade e servi\u00e7o para todo o Povo de Deus da Diocese de Graja\u00fa. Aqui, candidatos ao diaconado, agentes de pastoral, membros de movimentos, minist\u00e9rios e comunidades encontram cursos, encontros e forma\u00e7\u00f5es continuadas para aprofundar sua f\u00e9 e miss\u00e3o evangelizadora.\",\"publisher\":{\"@id\":\"https:\/\/escolavirtualbompastor.com.br\/#organization\"},\"potentialAction\":[{\"@type\":\"SearchAction\",\"target\":{\"@type\":\"EntryPoint\",\"urlTemplate\":\"https:\/\/escolavirtualbompastor.com.br\/?s={search_term_string}\"},\"query-input\":{\"@type\":\"PropertyValueSpecification\",\"valueRequired\":true,\"valueName\":\"search_term_string\"}}],\"inLanguage\":\"pt-BR\"},{\"@type\":\"Organization\",\"@id\":\"https:\/\/escolavirtualbompastor.com.br\/#organization\",\"name\":\"Escola Diocesana de Forma\u00e7\u00e3o Bom Pastor\",\"url\":\"https:\/\/escolavirtualbompastor.com.br\/\",\"logo\":{\"@type\":\"ImageObject\",\"inLanguage\":\"pt-BR\",\"@id\":\"https:\/\/escolavirtualbompastor.com.br\/#\/schema\/logo\/image\/\",\"url\":\"https:\/\/escolavirtualbompastor.com.br\/wp-content\/uploads\/2025\/06\/cropped-logos-2.png\",\"contentUrl\":\"https:\/\/escolavirtualbompastor.com.br\/wp-content\/uploads\/2025\/06\/cropped-logos-2.png\",\"width\":209,\"height\":89,\"caption\":\"Escola Diocesana de Forma\u00e7\u00e3o Bom Pastor\"},\"image\":{\"@id\":\"https:\/\/escolavirtualbompastor.com.br\/#\/schema\/logo\/image\/\"}}]}<\/script>\n<!-- \/ Yoast SEO plugin. -->","yoast_head_json":{"title":"DI\u00c1CONOS PERMANENTES - Escola Diocesana de Forma\u00e7\u00e3o Bom Pastor","robots":{"index":"index","follow":"follow","max-snippet":"max-snippet:-1","max-image-preview":"max-image-preview:large","max-video-preview":"max-video-preview:-1"},"canonical":"https:\/\/escolavirtualbompastor.com.br\/index.php\/diaconos-permanentes-da-diocese-de-grajau-ma\/","og_locale":"pt_BR","og_type":"article","og_title":"DI\u00c1CONOS PERMANENTES - Escola Diocesana de Forma\u00e7\u00e3o Bom Pastor","og_description":"Di\u00e1c. Anat\u00f3lio Aguiar Cunha Nasc.: 10\/07\/1968 Ordena\u00e7\u00e3o: 27\/06\/2015 Par\u00f3quia: S\u00e3o Jo\u00e3o Batista &#8211; Formosa da Serra Negra Di\u00e1c. Dalvino Barbosa Lima Nasc.: 22\/11\/1936 Ordena\u00e7\u00e3o: 17\/07\/2010 Par\u00f3quia: S\u00e3o Jos\u00e9 &#8211; Presidente ...","og_url":"https:\/\/escolavirtualbompastor.com.br\/index.php\/diaconos-permanentes-da-diocese-de-grajau-ma\/","og_site_name":"Escola Diocesana de Forma\u00e7\u00e3o Bom Pastor","article_modified_time":"2026-02-01T20:44:00+00:00","og_image":[{"width":354,"height":430,"url":"https:\/\/escolavirtualbompastor.com.br\/wp-content\/uploads\/2024\/08\/Diacono-Anatolio-Formosa.png","type":"image\/png"}],"twitter_card":"summary_large_image","schema":{"@context":"https:\/\/schema.org","@graph":[{"@type":"WebPage","@id":"https:\/\/escolavirtualbompastor.com.br\/index.php\/diaconos-permanentes-da-diocese-de-grajau-ma\/","url":"https:\/\/escolavirtualbompastor.com.br\/index.php\/diaconos-permanentes-da-diocese-de-grajau-ma\/","name":"DI\u00c1CONOS PERMANENTES - Escola Diocesana de Forma\u00e7\u00e3o Bom Pastor","isPartOf":{"@id":"https:\/\/escolavirtualbompastor.com.br\/#website"},"primaryImageOfPage":{"@id":"https:\/\/escolavirtualbompastor.com.br\/index.php\/diaconos-permanentes-da-diocese-de-grajau-ma\/#primaryimage"},"image":{"@id":"https:\/\/escolavirtualbompastor.com.br\/index.php\/diaconos-permanentes-da-diocese-de-grajau-ma\/#primaryimage"},"thumbnailUrl":"https:\/\/escolavirtualbompastor.com.br\/wp-content\/uploads\/2024\/08\/Diacono-Anatolio-Formosa.png","datePublished":"2024-08-10T12:07:41+00:00","dateModified":"2026-02-01T20:44:00+00:00","breadcrumb":{"@id":"https:\/\/escolavirtualbompastor.com.br\/index.php\/diaconos-permanentes-da-diocese-de-grajau-ma\/#breadcrumb"},"inLanguage":"pt-BR","potentialAction":[{"@type":"ReadAction","target":["https:\/\/escolavirtualbompastor.com.br\/index.php\/diaconos-permanentes-da-diocese-de-grajau-ma\/"]}]},{"@type":"ImageObject","inLanguage":"pt-BR","@id":"https:\/\/escolavirtualbompastor.com.br\/index.php\/diaconos-permanentes-da-diocese-de-grajau-ma\/#primaryimage","url":"https:\/\/escolavirtualbompastor.com.br\/wp-content\/uploads\/2024\/08\/Diacono-Anatolio-Formosa.png","contentUrl":"https:\/\/escolavirtualbompastor.com.br\/wp-content\/uploads\/2024\/08\/Diacono-Anatolio-Formosa.png","width":354,"height":430},{"@type":"BreadcrumbList","@id":"https:\/\/escolavirtualbompastor.com.br\/index.php\/diaconos-permanentes-da-diocese-de-grajau-ma\/#breadcrumb","itemListElement":[{"@type":"ListItem","position":1,"name":"In\u00edcio","item":"https:\/\/escolavirtualbompastor.com.br\/"},{"@type":"ListItem","position":2,"name":"DI\u00c1CONOS PERMANENTES"}]},{"@type":"WebSite","@id":"https:\/\/escolavirtualbompastor.com.br\/#website","url":"https:\/\/escolavirtualbompastor.com.br\/","name":"Escola Diocesana de Forma\u00e7\u00e3o Bom Pastor","description":"A Escola Diocesana de Forma\u00e7\u00e3o Bom Pastor \u00e9 um espa\u00e7o de forma\u00e7\u00e3o, espiritualidade e servi\u00e7o para todo o Povo de Deus da Diocese de Graja\u00fa. Aqui, candidatos ao diaconado, agentes de pastoral, membros de movimentos, minist\u00e9rios e comunidades encontram cursos, encontros e forma\u00e7\u00f5es continuadas para aprofundar sua f\u00e9 e miss\u00e3o evangelizadora.","publisher":{"@id":"https:\/\/escolavirtualbompastor.com.br\/#organization"},"potentialAction":[{"@type":"SearchAction","target":{"@type":"EntryPoint","urlTemplate":"https:\/\/escolavirtualbompastor.com.br\/?s={search_term_string}"},"query-input":{"@type":"PropertyValueSpecification","valueRequired":true,"valueName":"search_term_string"}}],"inLanguage":"pt-BR"},{"@type":"Organization","@id":"https:\/\/escolavirtualbompastor.com.br\/#organization","name":"Escola Diocesana de Forma\u00e7\u00e3o Bom Pastor","url":"https:\/\/escolavirtualbompastor.com.br\/","logo":{"@type":"ImageObject","inLanguage":"pt-BR","@id":"https:\/\/escolavirtualbompastor.com.br\/#\/schema\/logo\/image\/","url":"https:\/\/escolavirtualbompastor.com.br\/wp-content\/uploads\/2025\/06\/cropped-logos-2.png","contentUrl":"https:\/\/escolavirtualbompastor.com.br\/wp-content\/uploads\/2025\/06\/cropped-logos-2.png","width":209,"height":89,"caption":"Escola Diocesana de Forma\u00e7\u00e3o Bom Pastor"},"image":{"@id":"https:\/\/escolavirtualbompastor.com.br\/#\/schema\/logo\/image\/"}}]}},"_links":{"self":[{"href":"https:\/\/escolavirtualbompastor.com.br\/index.php\/wp-json\/wp\/v2\/pages\/267","targetHints":{"allow":["GET"]}}],"collection":[{"href":"https:\/\/escolavirtualbompastor.com.br\/index.php\/wp-json\/wp\/v2\/pages"}],"about":[{"href":"https:\/\/escolavirtualbompastor.com.br\/index.php\/wp-json\/wp\/v2\/types\/page"}],"author":[{"embeddable":true,"href":"https:\/\/escolavirtualbompastor.com.br\/index.php\/wp-json\/wp\/v2\/users\/1"}],"replies":[{"embeddable":true,"href":"https:\/\/escolavirtualbompastor.com.br\/index.php\/wp-json\/wp\/v2\/comments?post=267"}],"version-history":[{"count":16,"href":"https:\/\/escolavirtualbompastor.com.br\/index.php\/wp-json\/wp\/v2\/pages\/267\/revisions"}],"predecessor-version":[{"id":536,"href":"https:\/\/escolavirtualbompastor.com.br\/index.php\/wp-json\/wp\/v2\/pages\/267\/revisions\/536"}],"wp:attachment":[{"href":"https:\/\/escolavirtualbompastor.com.br\/index.php\/wp-json\/wp\/v2\/media?parent=267"}],"curies":[{"name":"wp","href":"https:\/\/api.w.org\/{rel}","templated":true}]}}