{"id":471,"date":"2025-06-22T12:48:48","date_gmt":"2025-06-22T15:48:48","guid":{"rendered":"https:\/\/escolavirtualbompastor.com.br\/?page_id=471"},"modified":"2026-04-12T10:15:45","modified_gmt":"2026-04-12T13:15:45","slug":"escola-diocesana-de-formacao-bom-pastor","status":"publish","type":"page","link":"https:\/\/escolavirtualbompastor.com.br\/","title":{"rendered":"IN\u00cdCIO"},"content":{"rendered":"\n<figure class=\"wp-block-image size-large\"><a href=\"https:\/\/escolavirtualbompastor.com.br\/index.php\/circulo-biblico\/\"><img fetchpriority=\"high\" decoding=\"async\" width=\"1024\" height=\"238\" src=\"https:\/\/escolavirtualbompastor.com.br\/wp-content\/uploads\/2026\/04\/Clique-aqui-e-acesse-os-Roteiros-de-Circulos-Biblicos-1024x238.png\" alt=\"\" class=\"wp-image-872\" srcset=\"https:\/\/escolavirtualbompastor.com.br\/wp-content\/uploads\/2026\/04\/Clique-aqui-e-acesse-os-Roteiros-de-Circulos-Biblicos-1024x238.png 1024w, https:\/\/escolavirtualbompastor.com.br\/wp-content\/uploads\/2026\/04\/Clique-aqui-e-acesse-os-Roteiros-de-Circulos-Biblicos-300x70.png 300w, https:\/\/escolavirtualbompastor.com.br\/wp-content\/uploads\/2026\/04\/Clique-aqui-e-acesse-os-Roteiros-de-Circulos-Biblicos-768x179.png 768w, https:\/\/escolavirtualbompastor.com.br\/wp-content\/uploads\/2026\/04\/Clique-aqui-e-acesse-os-Roteiros-de-Circulos-Biblicos.png 1082w\" sizes=\"(max-width: 1024px) 100vw, 1024px\" \/><\/a><\/figure>\n\n\n\n<div style=\"height:20px\" aria-hidden=\"true\" class=\"wp-block-spacer\"><\/div>\n\n\n\n<div class=\"wp-block-media-text is-stacked-on-mobile\" style=\"grid-template-columns:35% auto\"><figure class=\"wp-block-media-text__media\"><img decoding=\"async\" width=\"500\" height=\"384\" src=\"https:\/\/escolavirtualbompastor.com.br\/wp-content\/uploads\/2025\/06\/Bispo-de-bracos-abertos.png\" alt=\"\" class=\"wp-image-475 size-full\" srcset=\"https:\/\/escolavirtualbompastor.com.br\/wp-content\/uploads\/2025\/06\/Bispo-de-bracos-abertos.png 500w, https:\/\/escolavirtualbompastor.com.br\/wp-content\/uploads\/2025\/06\/Bispo-de-bracos-abertos-300x230.png 300w\" sizes=\"(max-width: 500px) 100vw, 500px\" \/><\/figure><div class=\"wp-block-media-text__content\">\n<p class=\"has-text-align-center has-medium-font-size\"><strong>Seja bem-vindo \u00e0 Escola Diocesana de Forma\u00e7\u00e3o Bom Pastor!<\/strong><\/p>\n\n\n\n<p class=\"has-text-align-center has-small-font-size\">\u00c9 com alegria que acolhemos voc\u00ea em nosso ambiente virtual de forma\u00e7\u00e3o e espiritualidade. Este espa\u00e7o foi pensado para ser a casa de todas as forma\u00e7\u00f5es da nossa Diocese de Graja\u00fa: pastorais, movimentos, servi\u00e7os, minist\u00e9rios, comunidades e lideran\u00e7as. Aqui, queremos fortalecer a miss\u00e3o evangelizadora da nossa Igreja, oferecendo momentos de estudo, reflex\u00e3o, ora\u00e7\u00e3o e partilha, que ajudam a formar disc\u00edpulos e mission\u00e1rios comprometidos com o Reino de Deus.<br>Acompanhe nossa programa\u00e7\u00e3o, participe das forma\u00e7\u00f5es e fa\u00e7a parte dessa grande rede de comunh\u00e3o, conhecimento e servi\u00e7o. Que este ambiente seja para todos um caminho de crescimento na f\u00e9 e de compromisso com a Igreja de Cristo.<\/p>\n\n\n\n<p class=\"has-text-align-center\"><strong>Giuseppe Luigi Spiga<\/strong><br><em>Bispo da Diocese de&nbsp;Graja\u00fa<\/em><\/p>\n\n\n\n<p><\/p>\n<\/div><\/div>\n\n\n\n<div style=\"height:34px\" aria-hidden=\"true\" class=\"wp-block-spacer\"><\/div>\n\n\n\n<div class=\"wp-block-media-text has-media-on-the-right is-stacked-on-mobile\" style=\"grid-template-columns:auto 20%\"><div class=\"wp-block-media-text__content\">\n<p class=\"has-text-align-center\"><strong><em>Apresenta\u00e7\u00e3o do Diretor<\/em><\/strong><\/p>\n\n\n\n<p class=\"has-text-align-center\">\u00c9 com grande alegria que apresentamos o Diretor da Escola Diocesana de Forma\u00e7\u00e3o Bom Pastor e da Escola Diaconal Santo Estev\u00e3o, o <strong>Pe. Ant\u00f4nio Bento Gomes Reis<\/strong>.<\/p>\n\n\n\n<p class=\"has-text-align-center\">Sacerdote dedicado \u00e0 miss\u00e3o de formar disc\u00edpulos e servidores do Evangelho, Pe. Ant\u00f4nio Bento \u00e9 doutorando em Teologia B\u00edblica pela Pontifical University of Saint Thomas Aquinas \u2013 Angelicum, em Roma. Possui mestrado em Teologia pela Pontif\u00edcia Universidade Cat\u00f3lica do Rio de Janeiro (PUC-Rio), com pesquisa voltada \u00e0 a\u00e7\u00e3o do Esp\u00edrito no Livro de Ezequiel. Tamb\u00e9m \u00e9 graduado em Filosofia e Teologia, com s\u00f3lida trajet\u00f3ria acad\u00eamica e pastoral.<\/p>\n\n\n\n<p class=\"has-text-align-center\">Com experi\u00eancia como professor em institui\u00e7\u00f5es como a Faculdade de S\u00e3o Bento do Rio de Janeiro, o Instituto de Estudos Superiores do Maranh\u00e3o (IESMA) e em diversas escolas teol\u00f3gicas do Regional Nordeste 5, Pe. Ant\u00f4nio \u00e9 reconhecido por seu compromisso com o aprofundamento b\u00edblico e a fidelidade \u00e0 miss\u00e3o evangelizadora da Igreja.<\/p>\n\n\n\n<p class=\"has-text-align-center\">Sob sua dire\u00e7\u00e3o, nossas Escolas acolhem com entusiasmo todos os que desejam crescer na f\u00e9 e no servi\u00e7o, em comunh\u00e3o com a Igreja Diocesana de Graja\u00fa.<\/p>\n<\/div><figure class=\"wp-block-media-text__media\"><img decoding=\"async\" width=\"797\" height=\"1024\" src=\"https:\/\/escolavirtualbompastor.com.br\/wp-content\/uploads\/2025\/08\/Pe.-Bento-797x1024.png\" alt=\"\" class=\"wp-image-718 size-full\" srcset=\"https:\/\/escolavirtualbompastor.com.br\/wp-content\/uploads\/2025\/08\/Pe.-Bento-797x1024.png 797w, https:\/\/escolavirtualbompastor.com.br\/wp-content\/uploads\/2025\/08\/Pe.-Bento-234x300.png 234w, https:\/\/escolavirtualbompastor.com.br\/wp-content\/uploads\/2025\/08\/Pe.-Bento-768x986.png 768w, https:\/\/escolavirtualbompastor.com.br\/wp-content\/uploads\/2025\/08\/Pe.-Bento-1196x1536.png 1196w, https:\/\/escolavirtualbompastor.com.br\/wp-content\/uploads\/2025\/08\/Pe.-Bento.png 1442w\" sizes=\"(max-width: 797px) 100vw, 797px\" \/><\/figure><\/div>\n\n\n\n<p><\/p>\n","protected":false},"excerpt":{"rendered":"<p>Seja bem-vindo \u00e0 Escola Diocesana de Forma\u00e7\u00e3o Bom Pastor! \u00c9 com alegria que acolhemos voc\u00ea em nosso ambiente virtual de forma\u00e7\u00e3o e espiritualidade. Este espa\u00e7o foi pensado para ser a &#8230;<\/p>\n","protected":false},"author":1,"featured_media":0,"parent":0,"menu_order":0,"comment_status":"closed","ping_status":"closed","template":"","meta":{"footnotes":""},"class_list":["post-471","page","type-page","status-publish","hentry"],"yoast_head":"<!-- This site is optimized with the Yoast SEO plugin v25.3.1 - https:\/\/yoast.com\/wordpress\/plugins\/seo\/ -->\n<title>IN\u00cdCIO - Escola Diocesana de Forma\u00e7\u00e3o Bom Pastor<\/title>\n<meta name=\"robots\" content=\"index, follow, max-snippet:-1, max-image-preview:large, max-video-preview:-1\" \/>\n<link rel=\"canonical\" href=\"https:\/\/escolavirtualbompastor.com.br\/\" \/>\n<meta property=\"og:locale\" content=\"pt_BR\" \/>\n<meta property=\"og:type\" content=\"article\" \/>\n<meta property=\"og:title\" content=\"IN\u00cdCIO - Escola Diocesana de Forma\u00e7\u00e3o Bom Pastor\" \/>\n<meta property=\"og:description\" content=\"Seja bem-vindo \u00e0 Escola Diocesana de Forma\u00e7\u00e3o Bom Pastor! \u00c9 com alegria que acolhemos voc\u00ea em nosso ambiente virtual de forma\u00e7\u00e3o e espiritualidade. Este espa\u00e7o foi pensado para ser a ...\" \/>\n<meta property=\"og:url\" content=\"https:\/\/escolavirtualbompastor.com.br\/\" \/>\n<meta property=\"og:site_name\" content=\"Escola Diocesana de Forma\u00e7\u00e3o Bom Pastor\" \/>\n<meta property=\"article:modified_time\" content=\"2026-04-12T13:15:45+00:00\" \/>\n<meta property=\"og:image\" content=\"https:\/\/escolavirtualbompastor.com.br\/wp-content\/uploads\/2026\/04\/Clique-aqui-e-acesse-os-Roteiros-de-Circulos-Biblicos.png\" \/>\n\t<meta property=\"og:image:width\" content=\"1082\" \/>\n\t<meta property=\"og:image:height\" content=\"252\" \/>\n\t<meta property=\"og:image:type\" content=\"image\/png\" \/>\n<meta name=\"twitter:card\" content=\"summary_large_image\" \/>\n<meta name=\"twitter:label1\" content=\"Est. tempo de leitura\" \/>\n\t<meta name=\"twitter:data1\" content=\"3 minutos\" \/>\n<script type=\"application\/ld+json\" class=\"yoast-schema-graph\">{\"@context\":\"https:\/\/schema.org\",\"@graph\":[{\"@type\":\"WebPage\",\"@id\":\"https:\/\/escolavirtualbompastor.com.br\/\",\"url\":\"https:\/\/escolavirtualbompastor.com.br\/\",\"name\":\"IN\u00cdCIO - Escola Diocesana de Forma\u00e7\u00e3o Bom Pastor\",\"isPartOf\":{\"@id\":\"https:\/\/escolavirtualbompastor.com.br\/#website\"},\"primaryImageOfPage\":{\"@id\":\"https:\/\/escolavirtualbompastor.com.br\/#primaryimage\"},\"image\":{\"@id\":\"https:\/\/escolavirtualbompastor.com.br\/#primaryimage\"},\"thumbnailUrl\":\"https:\/\/escolavirtualbompastor.com.br\/wp-content\/uploads\/2026\/04\/Clique-aqui-e-acesse-os-Roteiros-de-Circulos-Biblicos-1024x238.png\",\"datePublished\":\"2025-06-22T15:48:48+00:00\",\"dateModified\":\"2026-04-12T13:15:45+00:00\",\"breadcrumb\":{\"@id\":\"https:\/\/escolavirtualbompastor.com.br\/#breadcrumb\"},\"inLanguage\":\"pt-BR\",\"potentialAction\":[{\"@type\":\"ReadAction\",\"target\":[\"https:\/\/escolavirtualbompastor.com.br\/\"]}]},{\"@type\":\"ImageObject\",\"inLanguage\":\"pt-BR\",\"@id\":\"https:\/\/escolavirtualbompastor.com.br\/#primaryimage\",\"url\":\"https:\/\/escolavirtualbompastor.com.br\/wp-content\/uploads\/2026\/04\/Clique-aqui-e-acesse-os-Roteiros-de-Circulos-Biblicos.png\",\"contentUrl\":\"https:\/\/escolavirtualbompastor.com.br\/wp-content\/uploads\/2026\/04\/Clique-aqui-e-acesse-os-Roteiros-de-Circulos-Biblicos.png\",\"width\":1082,\"height\":252},{\"@type\":\"BreadcrumbList\",\"@id\":\"https:\/\/escolavirtualbompastor.com.br\/#breadcrumb\",\"itemListElement\":[{\"@type\":\"ListItem\",\"position\":1,\"name\":\"In\u00edcio\",\"item\":\"https:\/\/escolavirtualbompastor.com.br\/\"},{\"@type\":\"ListItem\",\"position\":2,\"name\":\"IN\u00cdCIO\"}]},{\"@type\":\"WebSite\",\"@id\":\"https:\/\/escolavirtualbompastor.com.br\/#website\",\"url\":\"https:\/\/escolavirtualbompastor.com.br\/\",\"name\":\"Escola Diocesana de Forma\u00e7\u00e3o Bom Pastor\",\"description\":\"A Escola Diocesana de Forma\u00e7\u00e3o Bom Pastor \u00e9 um espa\u00e7o de forma\u00e7\u00e3o, espiritualidade e servi\u00e7o para todo o Povo de Deus da Diocese de Graja\u00fa. Aqui, candidatos ao diaconado, agentes de pastoral, membros de movimentos, minist\u00e9rios e comunidades encontram cursos, encontros e forma\u00e7\u00f5es continuadas para aprofundar sua f\u00e9 e miss\u00e3o evangelizadora.\",\"publisher\":{\"@id\":\"https:\/\/escolavirtualbompastor.com.br\/#organization\"},\"potentialAction\":[{\"@type\":\"SearchAction\",\"target\":{\"@type\":\"EntryPoint\",\"urlTemplate\":\"https:\/\/escolavirtualbompastor.com.br\/?s={search_term_string}\"},\"query-input\":{\"@type\":\"PropertyValueSpecification\",\"valueRequired\":true,\"valueName\":\"search_term_string\"}}],\"inLanguage\":\"pt-BR\"},{\"@type\":\"Organization\",\"@id\":\"https:\/\/escolavirtualbompastor.com.br\/#organization\",\"name\":\"Escola Diocesana de Forma\u00e7\u00e3o Bom Pastor\",\"url\":\"https:\/\/escolavirtualbompastor.com.br\/\",\"logo\":{\"@type\":\"ImageObject\",\"inLanguage\":\"pt-BR\",\"@id\":\"https:\/\/escolavirtualbompastor.com.br\/#\/schema\/logo\/image\/\",\"url\":\"https:\/\/escolavirtualbompastor.com.br\/wp-content\/uploads\/2025\/06\/cropped-logos-2.png\",\"contentUrl\":\"https:\/\/escolavirtualbompastor.com.br\/wp-content\/uploads\/2025\/06\/cropped-logos-2.png\",\"width\":209,\"height\":89,\"caption\":\"Escola Diocesana de Forma\u00e7\u00e3o Bom Pastor\"},\"image\":{\"@id\":\"https:\/\/escolavirtualbompastor.com.br\/#\/schema\/logo\/image\/\"}}]}<\/script>\n<!-- \/ Yoast SEO plugin. -->","yoast_head_json":{"title":"IN\u00cdCIO - Escola Diocesana de Forma\u00e7\u00e3o Bom Pastor","robots":{"index":"index","follow":"follow","max-snippet":"max-snippet:-1","max-image-preview":"max-image-preview:large","max-video-preview":"max-video-preview:-1"},"canonical":"https:\/\/escolavirtualbompastor.com.br\/","og_locale":"pt_BR","og_type":"article","og_title":"IN\u00cdCIO - Escola Diocesana de Forma\u00e7\u00e3o Bom Pastor","og_description":"Seja bem-vindo \u00e0 Escola Diocesana de Forma\u00e7\u00e3o Bom Pastor! \u00c9 com alegria que acolhemos voc\u00ea em nosso ambiente virtual de forma\u00e7\u00e3o e espiritualidade. Este espa\u00e7o foi pensado para ser a ...","og_url":"https:\/\/escolavirtualbompastor.com.br\/","og_site_name":"Escola Diocesana de Forma\u00e7\u00e3o Bom Pastor","article_modified_time":"2026-04-12T13:15:45+00:00","og_image":[{"width":1082,"height":252,"url":"https:\/\/escolavirtualbompastor.com.br\/wp-content\/uploads\/2026\/04\/Clique-aqui-e-acesse-os-Roteiros-de-Circulos-Biblicos.png","type":"image\/png"}],"twitter_card":"summary_large_image","twitter_misc":{"Est. tempo de leitura":"3 minutos"},"schema":{"@context":"https:\/\/schema.org","@graph":[{"@type":"WebPage","@id":"https:\/\/escolavirtualbompastor.com.br\/","url":"https:\/\/escolavirtualbompastor.com.br\/","name":"IN\u00cdCIO - Escola Diocesana de Forma\u00e7\u00e3o Bom Pastor","isPartOf":{"@id":"https:\/\/escolavirtualbompastor.com.br\/#website"},"primaryImageOfPage":{"@id":"https:\/\/escolavirtualbompastor.com.br\/#primaryimage"},"image":{"@id":"https:\/\/escolavirtualbompastor.com.br\/#primaryimage"},"thumbnailUrl":"https:\/\/escolavirtualbompastor.com.br\/wp-content\/uploads\/2026\/04\/Clique-aqui-e-acesse-os-Roteiros-de-Circulos-Biblicos-1024x238.png","datePublished":"2025-06-22T15:48:48+00:00","dateModified":"2026-04-12T13:15:45+00:00","breadcrumb":{"@id":"https:\/\/escolavirtualbompastor.com.br\/#breadcrumb"},"inLanguage":"pt-BR","potentialAction":[{"@type":"ReadAction","target":["https:\/\/escolavirtualbompastor.com.br\/"]}]},{"@type":"ImageObject","inLanguage":"pt-BR","@id":"https:\/\/escolavirtualbompastor.com.br\/#primaryimage","url":"https:\/\/escolavirtualbompastor.com.br\/wp-content\/uploads\/2026\/04\/Clique-aqui-e-acesse-os-Roteiros-de-Circulos-Biblicos.png","contentUrl":"https:\/\/escolavirtualbompastor.com.br\/wp-content\/uploads\/2026\/04\/Clique-aqui-e-acesse-os-Roteiros-de-Circulos-Biblicos.png","width":1082,"height":252},{"@type":"BreadcrumbList","@id":"https:\/\/escolavirtualbompastor.com.br\/#breadcrumb","itemListElement":[{"@type":"ListItem","position":1,"name":"In\u00edcio","item":"https:\/\/escolavirtualbompastor.com.br\/"},{"@type":"ListItem","position":2,"name":"IN\u00cdCIO"}]},{"@type":"WebSite","@id":"https:\/\/escolavirtualbompastor.com.br\/#website","url":"https:\/\/escolavirtualbompastor.com.br\/","name":"Escola Diocesana de Forma\u00e7\u00e3o Bom Pastor","description":"A Escola Diocesana de Forma\u00e7\u00e3o Bom Pastor \u00e9 um espa\u00e7o de forma\u00e7\u00e3o, espiritualidade e servi\u00e7o para todo o Povo de Deus da Diocese de Graja\u00fa. Aqui, candidatos ao diaconado, agentes de pastoral, membros de movimentos, minist\u00e9rios e comunidades encontram cursos, encontros e forma\u00e7\u00f5es continuadas para aprofundar sua f\u00e9 e miss\u00e3o evangelizadora.","publisher":{"@id":"https:\/\/escolavirtualbompastor.com.br\/#organization"},"potentialAction":[{"@type":"SearchAction","target":{"@type":"EntryPoint","urlTemplate":"https:\/\/escolavirtualbompastor.com.br\/?s={search_term_string}"},"query-input":{"@type":"PropertyValueSpecification","valueRequired":true,"valueName":"search_term_string"}}],"inLanguage":"pt-BR"},{"@type":"Organization","@id":"https:\/\/escolavirtualbompastor.com.br\/#organization","name":"Escola Diocesana de Forma\u00e7\u00e3o Bom Pastor","url":"https:\/\/escolavirtualbompastor.com.br\/","logo":{"@type":"ImageObject","inLanguage":"pt-BR","@id":"https:\/\/escolavirtualbompastor.com.br\/#\/schema\/logo\/image\/","url":"https:\/\/escolavirtualbompastor.com.br\/wp-content\/uploads\/2025\/06\/cropped-logos-2.png","contentUrl":"https:\/\/escolavirtualbompastor.com.br\/wp-content\/uploads\/2025\/06\/cropped-logos-2.png","width":209,"height":89,"caption":"Escola Diocesana de Forma\u00e7\u00e3o Bom Pastor"},"image":{"@id":"https:\/\/escolavirtualbompastor.com.br\/#\/schema\/logo\/image\/"}}]}},"_links":{"self":[{"href":"https:\/\/escolavirtualbompastor.com.br\/index.php\/wp-json\/wp\/v2\/pages\/471","targetHints":{"allow":["GET"]}}],"collection":[{"href":"https:\/\/escolavirtualbompastor.com.br\/index.php\/wp-json\/wp\/v2\/pages"}],"about":[{"href":"https:\/\/escolavirtualbompastor.com.br\/index.php\/wp-json\/wp\/v2\/types\/page"}],"author":[{"embeddable":true,"href":"https:\/\/escolavirtualbompastor.com.br\/index.php\/wp-json\/wp\/v2\/users\/1"}],"replies":[{"embeddable":true,"href":"https:\/\/escolavirtualbompastor.com.br\/index.php\/wp-json\/wp\/v2\/comments?post=471"}],"version-history":[{"count":39,"href":"https:\/\/escolavirtualbompastor.com.br\/index.php\/wp-json\/wp\/v2\/pages\/471\/revisions"}],"predecessor-version":[{"id":875,"href":"https:\/\/escolavirtualbompastor.com.br\/index.php\/wp-json\/wp\/v2\/pages\/471\/revisions\/875"}],"wp:attachment":[{"href":"https:\/\/escolavirtualbompastor.com.br\/index.php\/wp-json\/wp\/v2\/media?parent=471"}],"curies":[{"name":"wp","href":"https:\/\/api.w.org\/{rel}","templated":true}]}}