{"id":549,"date":"2025-06-24T11:20:50","date_gmt":"2025-06-24T14:20:50","guid":{"rendered":"https:\/\/escolavirtualbompastor.com.br\/?page_id=549"},"modified":"2026-02-01T17:52:34","modified_gmt":"2026-02-01T20:52:34","slug":"escola-diaconal-santo-estevao-2","status":"publish","type":"page","link":"https:\/\/escolavirtualbompastor.com.br\/index.php\/escola-diaconal-santo-estevao-2\/","title":{"rendered":"N\u00daCLEO DIACONAL"},"content":{"rendered":"\n<div class=\"wp-block-media-text is-stacked-on-mobile\" style=\"grid-template-columns:48% auto\"><figure class=\"wp-block-media-text__media\"><img fetchpriority=\"high\" decoding=\"async\" width=\"1024\" height=\"577\" src=\"https:\/\/escolavirtualbompastor.com.br\/wp-content\/uploads\/2024\/11\/Retiro-Espiritual-da-Familia-Diaconal-2024-08-1-1024x577.jpg\" alt=\"\" class=\"wp-image-344 size-full\" srcset=\"https:\/\/escolavirtualbompastor.com.br\/wp-content\/uploads\/2024\/11\/Retiro-Espiritual-da-Familia-Diaconal-2024-08-1-1024x577.jpg 1024w, https:\/\/escolavirtualbompastor.com.br\/wp-content\/uploads\/2024\/11\/Retiro-Espiritual-da-Familia-Diaconal-2024-08-1-300x169.jpg 300w, https:\/\/escolavirtualbompastor.com.br\/wp-content\/uploads\/2024\/11\/Retiro-Espiritual-da-Familia-Diaconal-2024-08-1-768x432.jpg 768w, https:\/\/escolavirtualbompastor.com.br\/wp-content\/uploads\/2024\/11\/Retiro-Espiritual-da-Familia-Diaconal-2024-08-1-1536x865.jpg 1536w, https:\/\/escolavirtualbompastor.com.br\/wp-content\/uploads\/2024\/11\/Retiro-Espiritual-da-Familia-Diaconal-2024-08-1-2048x1153.jpg 2048w\" sizes=\"(max-width: 1024px) 100vw, 1024px\" \/><\/figure><div class=\"wp-block-media-text__content\">\n<p class=\"has-text-align-center has-vivid-green-cyan-color has-text-color has-link-color has-medium-font-size wp-elements-23590af22c0bd037418fd917f39bdf60\"><strong>N\u00daCLEO DIACONAL &#8216;SANTO ESTEV\u00c3O&#8217;<\/strong><\/p>\n\n\n\n<p class=\"has-text-align-center has-black-color has-text-color has-link-color has-small-font-size wp-elements-7ad67fb07e849aefdfc0cb4dfb243323\">A N\u00daCLEO DIACONAL &#8216;SANTO ESTEV\u00c3O&#8217; \u00e9 o espa\u00e7o oficial de forma\u00e7\u00e3o para os candidatos ao Diaconado Permanente da Diocese de Graja\u00fa. Inspirada na vida e no testemunho do primeiro m\u00e1rtir da Igreja, nosso objetivo \u00e9 oferecer uma forma\u00e7\u00e3o integral, teol\u00f3gica, pastoral e espiritual, preparando homens dispostos a servir com alegria e fidelidade ao povo de Deus.<br>Aqui, voc\u00ea encontrar\u00e1 informa\u00e7\u00f5es sobre o curso, cronograma de atividades, documentos, professores e momentos formativos que acompanham o itiner\u00e1rio vocacional de nossos candidatos. Seja bem-vindo a conhecer e caminhar conosco nesta miss\u00e3o de servi\u00e7o e amor \u00e0 Igreja!<\/p>\n<\/div><\/div>\n\n\n\n<div style=\"height:29px\" aria-hidden=\"true\" class=\"wp-block-spacer\"><\/div>\n\n\n\n<div class=\"wp-block-group is-content-justification-center is-nowrap is-layout-flex wp-container-core-group-is-layout-94bc23d7 wp-block-group-is-layout-flex\">\n<div class=\"wp-block-group is-nowrap is-layout-flex wp-container-core-group-is-layout-ad2f72ca wp-block-group-is-layout-flex\">\n<figure class=\"wp-block-image size-full\"><a href=\"https:\/\/escolavirtualbompastor.com.br\/index.php\/formacao-diaconal-um-chamado-ao-servico-e-a-missao\/\"><img decoding=\"async\" width=\"250\" height=\"250\" src=\"https:\/\/escolavirtualbompastor.com.br\/wp-content\/uploads\/2025\/06\/FORMACAO-DIACONAL-UM-CHAMADO-AO-SERVICO-E-A-MISSAO.png\" alt=\"\" class=\"wp-image-598\" srcset=\"https:\/\/escolavirtualbompastor.com.br\/wp-content\/uploads\/2025\/06\/FORMACAO-DIACONAL-UM-CHAMADO-AO-SERVICO-E-A-MISSAO.png 250w, https:\/\/escolavirtualbompastor.com.br\/wp-content\/uploads\/2025\/06\/FORMACAO-DIACONAL-UM-CHAMADO-AO-SERVICO-E-A-MISSAO-150x150.png 150w\" sizes=\"(max-width: 250px) 100vw, 250px\" \/><\/a><\/figure>\n<\/div>\n\n\n\n<figure class=\"wp-block-image size-full\"><a href=\"https:\/\/escolavirtualbompastor.com.br\/index.php\/objetivo-geral-da-formacao-dos-diaconos-permanentes\/\"><img decoding=\"async\" width=\"250\" height=\"250\" src=\"https:\/\/escolavirtualbompastor.com.br\/wp-content\/uploads\/2025\/06\/OBJETIVO-GERAL-DA-FORMACAO-DOS-DIACONOS-PERMANENTES-1.png\" alt=\"\" class=\"wp-image-600\" srcset=\"https:\/\/escolavirtualbompastor.com.br\/wp-content\/uploads\/2025\/06\/OBJETIVO-GERAL-DA-FORMACAO-DOS-DIACONOS-PERMANENTES-1.png 250w, https:\/\/escolavirtualbompastor.com.br\/wp-content\/uploads\/2025\/06\/OBJETIVO-GERAL-DA-FORMACAO-DOS-DIACONOS-PERMANENTES-1-150x150.png 150w\" sizes=\"(max-width: 250px) 100vw, 250px\" \/><\/a><\/figure>\n\n\n\n<figure class=\"wp-block-image size-full\"><a href=\"https:\/\/escolavirtualbompastor.com.br\/index.php\/a-escola-diaconal-bom-pastor-historia-fundacao-e-compromisso-com-a-formacao-diaconal\/\"><img loading=\"lazy\" decoding=\"async\" width=\"250\" height=\"250\" src=\"https:\/\/escolavirtualbompastor.com.br\/wp-content\/uploads\/2025\/06\/HISTORIA-FUNDACAO-E-COMPROMISSO-COM-A-FORMACAO-DIACONAL.png\" alt=\"\" class=\"wp-image-601\" srcset=\"https:\/\/escolavirtualbompastor.com.br\/wp-content\/uploads\/2025\/06\/HISTORIA-FUNDACAO-E-COMPROMISSO-COM-A-FORMACAO-DIACONAL.png 250w, https:\/\/escolavirtualbompastor.com.br\/wp-content\/uploads\/2025\/06\/HISTORIA-FUNDACAO-E-COMPROMISSO-COM-A-FORMACAO-DIACONAL-150x150.png 150w\" sizes=\"(max-width: 250px) 100vw, 250px\" \/><\/a><\/figure>\n<\/div>\n\n\n\n<div style=\"height:14px\" aria-hidden=\"true\" class=\"wp-block-spacer\"><\/div>\n\n\n\n<div class=\"wp-block-group is-content-justification-center is-nowrap is-layout-flex wp-container-core-group-is-layout-94bc23d7 wp-block-group-is-layout-flex\">\n<figure class=\"wp-block-image size-full\"><a href=\"https:\/\/escolavirtualbompastor.com.br\/index.php\/a-admissao-dos-aspirantes\/\"><img loading=\"lazy\" decoding=\"async\" width=\"250\" height=\"250\" src=\"https:\/\/escolavirtualbompastor.com.br\/wp-content\/uploads\/2025\/06\/A-ADMISSAO-DOS-ASPIRANTES.png\" alt=\"\" class=\"wp-image-602\" srcset=\"https:\/\/escolavirtualbompastor.com.br\/wp-content\/uploads\/2025\/06\/A-ADMISSAO-DOS-ASPIRANTES.png 250w, https:\/\/escolavirtualbompastor.com.br\/wp-content\/uploads\/2025\/06\/A-ADMISSAO-DOS-ASPIRANTES-150x150.png 150w\" sizes=\"(max-width: 250px) 100vw, 250px\" \/><\/a><\/figure>\n\n\n\n<figure class=\"wp-block-image size-full\"><a href=\"https:\/\/escolavirtualbompastor.com.br\/index.php\/estrutura-do-curso\/\"><img loading=\"lazy\" decoding=\"async\" width=\"250\" height=\"250\" src=\"https:\/\/escolavirtualbompastor.com.br\/wp-content\/uploads\/2025\/06\/ESTRUTURA-DO-CURSO.png\" alt=\"\" class=\"wp-image-603\" srcset=\"https:\/\/escolavirtualbompastor.com.br\/wp-content\/uploads\/2025\/06\/ESTRUTURA-DO-CURSO.png 250w, https:\/\/escolavirtualbompastor.com.br\/wp-content\/uploads\/2025\/06\/ESTRUTURA-DO-CURSO-150x150.png 150w\" sizes=\"(max-width: 250px) 100vw, 250px\" \/><\/a><\/figure>\n\n\n\n<figure class=\"wp-block-image size-full\"><a href=\"https:\/\/escolavirtualbompastor.com.br\/index.php\/etapas-da-formacao\/\"><img loading=\"lazy\" decoding=\"async\" width=\"250\" height=\"250\" src=\"https:\/\/escolavirtualbompastor.com.br\/wp-content\/uploads\/2025\/06\/ETAPAS-DA-FORMACAO.png\" alt=\"\" class=\"wp-image-605\" srcset=\"https:\/\/escolavirtualbompastor.com.br\/wp-content\/uploads\/2025\/06\/ETAPAS-DA-FORMACAO.png 250w, https:\/\/escolavirtualbompastor.com.br\/wp-content\/uploads\/2025\/06\/ETAPAS-DA-FORMACAO-150x150.png 150w\" sizes=\"(max-width: 250px) 100vw, 250px\" \/><\/a><\/figure>\n<\/div>\n\n\n\n<div style=\"height:34px\" aria-hidden=\"true\" class=\"wp-block-spacer\"><\/div>\n\n\n\n<div class=\"wp-block-buttons is-content-justification-center is-layout-flex wp-container-core-buttons-is-layout-16018d1d wp-block-buttons-is-layout-flex\">\n<div class=\"wp-block-button has-custom-width wp-block-button__width-100\"><a class=\"wp-block-button__link has-vivid-green-cyan-background-color has-background wp-element-button\" href=\"https:\/\/escolavirtualbompastor.com.br\/index.php\/conheca-nossos-candidatos\/\"><strong>VOCACIONADOS<\/strong><\/a><\/div>\n\n\n\n<div class=\"wp-block-button has-custom-width wp-block-button__width-100\"><a class=\"wp-block-button__link has-vivid-green-cyan-background-color has-background wp-element-button\" href=\"https:\/\/escolavirtualbompastor.com.br\/index.php\/diaconos-permanentes-da-diocese-de-grajau-ma\/\"><strong>DI\u00c1CONOS<\/strong><\/a><\/div>\n\n\n\n<div class=\"wp-block-button has-custom-width wp-block-button__width-100\"><a class=\"wp-block-button__link has-vivid-green-cyan-background-color has-background wp-element-button\" href=\"https:\/\/escolavirtualbompastor.com.br\/index.php\/professores\/\"><strong>PROFESSORES<\/strong><\/a><\/div>\n\n\n\n<div class=\"wp-block-button has-custom-width wp-block-button__width-100\"><a class=\"wp-block-button__link has-vivid-green-cyan-background-color has-background wp-element-button\" href=\"https:\/\/escolavirtualbompastor.com.br\/index.php\/conteudo-curricular\/\"><strong>GRADE CURRICULAR<\/strong><\/a><\/div>\n\n\n\n<div class=\"wp-block-button has-custom-width wp-block-button__width-100\"><a class=\"wp-block-button__link has-vivid-green-cyan-background-color has-background wp-element-button\" href=\"https:\/\/escolavirtualbompastor.com.br\/index.php\/documentos\/\"><strong>DOCUMENTOS<\/strong><\/a><\/div>\n<\/div>\n\n\n\n<p><\/p>\n","protected":false},"excerpt":{"rendered":"<p>N\u00daCLEO DIACONAL &#8216;SANTO ESTEV\u00c3O&#8217; A N\u00daCLEO DIACONAL &#8216;SANTO ESTEV\u00c3O&#8217; \u00e9 o espa\u00e7o oficial de forma\u00e7\u00e3o para os candidatos ao Diaconado Permanente da Diocese de Graja\u00fa. Inspirada na vida e no &#8230;<\/p>\n","protected":false},"author":1,"featured_media":0,"parent":0,"menu_order":0,"comment_status":"closed","ping_status":"closed","template":"","meta":{"footnotes":""},"class_list":["post-549","page","type-page","status-publish","hentry"],"yoast_head":"<!-- This site is optimized with the Yoast SEO plugin v25.3.1 - https:\/\/yoast.com\/wordpress\/plugins\/seo\/ -->\n<title>N\u00daCLEO DIACONAL - Escola Diocesana de Forma\u00e7\u00e3o Bom Pastor<\/title>\n<meta name=\"robots\" content=\"index, follow, max-snippet:-1, max-image-preview:large, max-video-preview:-1\" \/>\n<link rel=\"canonical\" href=\"https:\/\/escolavirtualbompastor.com.br\/index.php\/escola-diaconal-santo-estevao-2\/\" \/>\n<meta property=\"og:locale\" content=\"pt_BR\" \/>\n<meta property=\"og:type\" content=\"article\" \/>\n<meta property=\"og:title\" content=\"N\u00daCLEO DIACONAL - Escola Diocesana de Forma\u00e7\u00e3o Bom Pastor\" \/>\n<meta property=\"og:description\" content=\"N\u00daCLEO DIACONAL &#8216;SANTO ESTEV\u00c3O&#8217; A N\u00daCLEO DIACONAL &#8216;SANTO ESTEV\u00c3O&#8217; \u00e9 o espa\u00e7o oficial de forma\u00e7\u00e3o para os candidatos ao Diaconado Permanente da Diocese de Graja\u00fa. Inspirada na vida e no ...\" \/>\n<meta property=\"og:url\" content=\"https:\/\/escolavirtualbompastor.com.br\/index.php\/escola-diaconal-santo-estevao-2\/\" \/>\n<meta property=\"og:site_name\" content=\"Escola Diocesana de Forma\u00e7\u00e3o Bom Pastor\" \/>\n<meta property=\"article:modified_time\" content=\"2026-02-01T20:52:34+00:00\" \/>\n<meta property=\"og:image\" content=\"https:\/\/escolavirtualbompastor.com.br\/wp-content\/uploads\/2024\/11\/Retiro-Espiritual-da-Familia-Diaconal-2024-08-1-scaled.jpg\" \/>\n\t<meta property=\"og:image:width\" content=\"2560\" \/>\n\t<meta property=\"og:image:height\" content=\"1441\" \/>\n\t<meta property=\"og:image:type\" content=\"image\/jpeg\" \/>\n<meta name=\"twitter:card\" content=\"summary_large_image\" \/>\n<meta name=\"twitter:label1\" content=\"Est. tempo de leitura\" \/>\n\t<meta name=\"twitter:data1\" content=\"2 minutos\" \/>\n<script type=\"application\/ld+json\" class=\"yoast-schema-graph\">{\"@context\":\"https:\/\/schema.org\",\"@graph\":[{\"@type\":\"WebPage\",\"@id\":\"https:\/\/escolavirtualbompastor.com.br\/index.php\/escola-diaconal-santo-estevao-2\/\",\"url\":\"https:\/\/escolavirtualbompastor.com.br\/index.php\/escola-diaconal-santo-estevao-2\/\",\"name\":\"N\u00daCLEO DIACONAL - Escola Diocesana de Forma\u00e7\u00e3o Bom Pastor\",\"isPartOf\":{\"@id\":\"https:\/\/escolavirtualbompastor.com.br\/#website\"},\"primaryImageOfPage\":{\"@id\":\"https:\/\/escolavirtualbompastor.com.br\/index.php\/escola-diaconal-santo-estevao-2\/#primaryimage\"},\"image\":{\"@id\":\"https:\/\/escolavirtualbompastor.com.br\/index.php\/escola-diaconal-santo-estevao-2\/#primaryimage\"},\"thumbnailUrl\":\"https:\/\/escolavirtualbompastor.com.br\/wp-content\/uploads\/2024\/11\/Retiro-Espiritual-da-Familia-Diaconal-2024-08-1-1024x577.jpg\",\"datePublished\":\"2025-06-24T14:20:50+00:00\",\"dateModified\":\"2026-02-01T20:52:34+00:00\",\"breadcrumb\":{\"@id\":\"https:\/\/escolavirtualbompastor.com.br\/index.php\/escola-diaconal-santo-estevao-2\/#breadcrumb\"},\"inLanguage\":\"pt-BR\",\"potentialAction\":[{\"@type\":\"ReadAction\",\"target\":[\"https:\/\/escolavirtualbompastor.com.br\/index.php\/escola-diaconal-santo-estevao-2\/\"]}]},{\"@type\":\"ImageObject\",\"inLanguage\":\"pt-BR\",\"@id\":\"https:\/\/escolavirtualbompastor.com.br\/index.php\/escola-diaconal-santo-estevao-2\/#primaryimage\",\"url\":\"https:\/\/escolavirtualbompastor.com.br\/wp-content\/uploads\/2024\/11\/Retiro-Espiritual-da-Familia-Diaconal-2024-08-1-scaled.jpg\",\"contentUrl\":\"https:\/\/escolavirtualbompastor.com.br\/wp-content\/uploads\/2024\/11\/Retiro-Espiritual-da-Familia-Diaconal-2024-08-1-scaled.jpg\",\"width\":2560,\"height\":1441},{\"@type\":\"BreadcrumbList\",\"@id\":\"https:\/\/escolavirtualbompastor.com.br\/index.php\/escola-diaconal-santo-estevao-2\/#breadcrumb\",\"itemListElement\":[{\"@type\":\"ListItem\",\"position\":1,\"name\":\"In\u00edcio\",\"item\":\"https:\/\/escolavirtualbompastor.com.br\/\"},{\"@type\":\"ListItem\",\"position\":2,\"name\":\"N\u00daCLEO DIACONAL\"}]},{\"@type\":\"WebSite\",\"@id\":\"https:\/\/escolavirtualbompastor.com.br\/#website\",\"url\":\"https:\/\/escolavirtualbompastor.com.br\/\",\"name\":\"Escola Diocesana de Forma\u00e7\u00e3o Bom Pastor\",\"description\":\"A Escola Diocesana de Forma\u00e7\u00e3o Bom Pastor \u00e9 um espa\u00e7o de forma\u00e7\u00e3o, espiritualidade e servi\u00e7o para todo o Povo de Deus da Diocese de Graja\u00fa. Aqui, candidatos ao diaconado, agentes de pastoral, membros de movimentos, minist\u00e9rios e comunidades encontram cursos, encontros e forma\u00e7\u00f5es continuadas para aprofundar sua f\u00e9 e miss\u00e3o evangelizadora.\",\"publisher\":{\"@id\":\"https:\/\/escolavirtualbompastor.com.br\/#organization\"},\"potentialAction\":[{\"@type\":\"SearchAction\",\"target\":{\"@type\":\"EntryPoint\",\"urlTemplate\":\"https:\/\/escolavirtualbompastor.com.br\/?s={search_term_string}\"},\"query-input\":{\"@type\":\"PropertyValueSpecification\",\"valueRequired\":true,\"valueName\":\"search_term_string\"}}],\"inLanguage\":\"pt-BR\"},{\"@type\":\"Organization\",\"@id\":\"https:\/\/escolavirtualbompastor.com.br\/#organization\",\"name\":\"Escola Diocesana de Forma\u00e7\u00e3o Bom Pastor\",\"url\":\"https:\/\/escolavirtualbompastor.com.br\/\",\"logo\":{\"@type\":\"ImageObject\",\"inLanguage\":\"pt-BR\",\"@id\":\"https:\/\/escolavirtualbompastor.com.br\/#\/schema\/logo\/image\/\",\"url\":\"https:\/\/escolavirtualbompastor.com.br\/wp-content\/uploads\/2025\/06\/cropped-logos-2.png\",\"contentUrl\":\"https:\/\/escolavirtualbompastor.com.br\/wp-content\/uploads\/2025\/06\/cropped-logos-2.png\",\"width\":209,\"height\":89,\"caption\":\"Escola Diocesana de Forma\u00e7\u00e3o Bom Pastor\"},\"image\":{\"@id\":\"https:\/\/escolavirtualbompastor.com.br\/#\/schema\/logo\/image\/\"}}]}<\/script>\n<!-- \/ Yoast SEO plugin. -->","yoast_head_json":{"title":"N\u00daCLEO DIACONAL - Escola Diocesana de Forma\u00e7\u00e3o Bom Pastor","robots":{"index":"index","follow":"follow","max-snippet":"max-snippet:-1","max-image-preview":"max-image-preview:large","max-video-preview":"max-video-preview:-1"},"canonical":"https:\/\/escolavirtualbompastor.com.br\/index.php\/escola-diaconal-santo-estevao-2\/","og_locale":"pt_BR","og_type":"article","og_title":"N\u00daCLEO DIACONAL - Escola Diocesana de Forma\u00e7\u00e3o Bom Pastor","og_description":"N\u00daCLEO DIACONAL &#8216;SANTO ESTEV\u00c3O&#8217; A N\u00daCLEO DIACONAL &#8216;SANTO ESTEV\u00c3O&#8217; \u00e9 o espa\u00e7o oficial de forma\u00e7\u00e3o para os candidatos ao Diaconado Permanente da Diocese de Graja\u00fa. Inspirada na vida e no ...","og_url":"https:\/\/escolavirtualbompastor.com.br\/index.php\/escola-diaconal-santo-estevao-2\/","og_site_name":"Escola Diocesana de Forma\u00e7\u00e3o Bom Pastor","article_modified_time":"2026-02-01T20:52:34+00:00","og_image":[{"width":2560,"height":1441,"url":"https:\/\/escolavirtualbompastor.com.br\/wp-content\/uploads\/2024\/11\/Retiro-Espiritual-da-Familia-Diaconal-2024-08-1-scaled.jpg","type":"image\/jpeg"}],"twitter_card":"summary_large_image","twitter_misc":{"Est. tempo de leitura":"2 minutos"},"schema":{"@context":"https:\/\/schema.org","@graph":[{"@type":"WebPage","@id":"https:\/\/escolavirtualbompastor.com.br\/index.php\/escola-diaconal-santo-estevao-2\/","url":"https:\/\/escolavirtualbompastor.com.br\/index.php\/escola-diaconal-santo-estevao-2\/","name":"N\u00daCLEO DIACONAL - Escola Diocesana de Forma\u00e7\u00e3o Bom Pastor","isPartOf":{"@id":"https:\/\/escolavirtualbompastor.com.br\/#website"},"primaryImageOfPage":{"@id":"https:\/\/escolavirtualbompastor.com.br\/index.php\/escola-diaconal-santo-estevao-2\/#primaryimage"},"image":{"@id":"https:\/\/escolavirtualbompastor.com.br\/index.php\/escola-diaconal-santo-estevao-2\/#primaryimage"},"thumbnailUrl":"https:\/\/escolavirtualbompastor.com.br\/wp-content\/uploads\/2024\/11\/Retiro-Espiritual-da-Familia-Diaconal-2024-08-1-1024x577.jpg","datePublished":"2025-06-24T14:20:50+00:00","dateModified":"2026-02-01T20:52:34+00:00","breadcrumb":{"@id":"https:\/\/escolavirtualbompastor.com.br\/index.php\/escola-diaconal-santo-estevao-2\/#breadcrumb"},"inLanguage":"pt-BR","potentialAction":[{"@type":"ReadAction","target":["https:\/\/escolavirtualbompastor.com.br\/index.php\/escola-diaconal-santo-estevao-2\/"]}]},{"@type":"ImageObject","inLanguage":"pt-BR","@id":"https:\/\/escolavirtualbompastor.com.br\/index.php\/escola-diaconal-santo-estevao-2\/#primaryimage","url":"https:\/\/escolavirtualbompastor.com.br\/wp-content\/uploads\/2024\/11\/Retiro-Espiritual-da-Familia-Diaconal-2024-08-1-scaled.jpg","contentUrl":"https:\/\/escolavirtualbompastor.com.br\/wp-content\/uploads\/2024\/11\/Retiro-Espiritual-da-Familia-Diaconal-2024-08-1-scaled.jpg","width":2560,"height":1441},{"@type":"BreadcrumbList","@id":"https:\/\/escolavirtualbompastor.com.br\/index.php\/escola-diaconal-santo-estevao-2\/#breadcrumb","itemListElement":[{"@type":"ListItem","position":1,"name":"In\u00edcio","item":"https:\/\/escolavirtualbompastor.com.br\/"},{"@type":"ListItem","position":2,"name":"N\u00daCLEO DIACONAL"}]},{"@type":"WebSite","@id":"https:\/\/escolavirtualbompastor.com.br\/#website","url":"https:\/\/escolavirtualbompastor.com.br\/","name":"Escola Diocesana de Forma\u00e7\u00e3o Bom Pastor","description":"A Escola Diocesana de Forma\u00e7\u00e3o Bom Pastor \u00e9 um espa\u00e7o de forma\u00e7\u00e3o, espiritualidade e servi\u00e7o para todo o Povo de Deus da Diocese de Graja\u00fa. Aqui, candidatos ao diaconado, agentes de pastoral, membros de movimentos, minist\u00e9rios e comunidades encontram cursos, encontros e forma\u00e7\u00f5es continuadas para aprofundar sua f\u00e9 e miss\u00e3o evangelizadora.","publisher":{"@id":"https:\/\/escolavirtualbompastor.com.br\/#organization"},"potentialAction":[{"@type":"SearchAction","target":{"@type":"EntryPoint","urlTemplate":"https:\/\/escolavirtualbompastor.com.br\/?s={search_term_string}"},"query-input":{"@type":"PropertyValueSpecification","valueRequired":true,"valueName":"search_term_string"}}],"inLanguage":"pt-BR"},{"@type":"Organization","@id":"https:\/\/escolavirtualbompastor.com.br\/#organization","name":"Escola Diocesana de Forma\u00e7\u00e3o Bom Pastor","url":"https:\/\/escolavirtualbompastor.com.br\/","logo":{"@type":"ImageObject","inLanguage":"pt-BR","@id":"https:\/\/escolavirtualbompastor.com.br\/#\/schema\/logo\/image\/","url":"https:\/\/escolavirtualbompastor.com.br\/wp-content\/uploads\/2025\/06\/cropped-logos-2.png","contentUrl":"https:\/\/escolavirtualbompastor.com.br\/wp-content\/uploads\/2025\/06\/cropped-logos-2.png","width":209,"height":89,"caption":"Escola Diocesana de Forma\u00e7\u00e3o Bom Pastor"},"image":{"@id":"https:\/\/escolavirtualbompastor.com.br\/#\/schema\/logo\/image\/"}}]}},"_links":{"self":[{"href":"https:\/\/escolavirtualbompastor.com.br\/index.php\/wp-json\/wp\/v2\/pages\/549","targetHints":{"allow":["GET"]}}],"collection":[{"href":"https:\/\/escolavirtualbompastor.com.br\/index.php\/wp-json\/wp\/v2\/pages"}],"about":[{"href":"https:\/\/escolavirtualbompastor.com.br\/index.php\/wp-json\/wp\/v2\/types\/page"}],"author":[{"embeddable":true,"href":"https:\/\/escolavirtualbompastor.com.br\/index.php\/wp-json\/wp\/v2\/users\/1"}],"replies":[{"embeddable":true,"href":"https:\/\/escolavirtualbompastor.com.br\/index.php\/wp-json\/wp\/v2\/comments?post=549"}],"version-history":[{"count":20,"href":"https:\/\/escolavirtualbompastor.com.br\/index.php\/wp-json\/wp\/v2\/pages\/549\/revisions"}],"predecessor-version":[{"id":783,"href":"https:\/\/escolavirtualbompastor.com.br\/index.php\/wp-json\/wp\/v2\/pages\/549\/revisions\/783"}],"wp:attachment":[{"href":"https:\/\/escolavirtualbompastor.com.br\/index.php\/wp-json\/wp\/v2\/media?parent=549"}],"curies":[{"name":"wp","href":"https:\/\/api.w.org\/{rel}","templated":true}]}}