{"id":593,"date":"2025-06-24T14:50:17","date_gmt":"2025-06-24T17:50:17","guid":{"rendered":"https:\/\/escolavirtualbompastor.com.br\/?page_id=593"},"modified":"2026-02-01T18:29:58","modified_gmt":"2026-02-01T21:29:58","slug":"cursos-e-formacoes","status":"publish","type":"page","link":"https:\/\/escolavirtualbompastor.com.br\/index.php\/cursos-e-formacoes\/","title":{"rendered":"CURSOS E FORMA\u00c7\u00d5ES"},"content":{"rendered":"\n<h2 class=\"wp-block-heading alignwide has-text-align-center\"><strong>CURSO SOBRE A CAMPANHA DA FRATERNIDADE 2026<\/strong><\/h2>\n\n\n\n<div class=\"wp-block-media-text has-media-on-the-right is-stacked-on-mobile\" style=\"grid-template-columns:auto 37%\"><div class=\"wp-block-media-text__content\">\n<p class=\"has-text-align-center\" style=\"font-size:16px\">A Diocese de Graja\u00fa, por meio da Escola Diocesana de Forma\u00e7\u00e3o &#8216;Bom Pastor&#8217;, convida voc\u00ea a participar do <strong>Curso sobre a Campanha da Fraternidade 2026<\/strong>, que tem como tema <strong>\u201cFraternidade e Moradia\u201d<\/strong> e o lema <strong>\u201cEle veio morar entre n\u00f3s\u201d (Jo 1,14)<\/strong>. O curso tem como objetivo aprofundar a reflex\u00e3o sobre o direito \u00e0 moradia digna, \u00e0 luz da f\u00e9 crist\u00e3 e do compromisso social da Igreja, oferecendo forma\u00e7\u00e3o b\u00edblica, teol\u00f3gica e pastoral para agentes de pastoral, lideran\u00e7as comunit\u00e1rias e demais interessados.<\/p>\n\n\n\n<p class=\"has-text-align-center\" style=\"font-size:16px\"><strong>Inscri\u00e7\u00f5es abertas!<\/strong> Garanta sua participa\u00e7\u00e3o e fa\u00e7a sua inscri\u00e7\u00e3o para este importante momento de forma\u00e7\u00e3o e conscientiza\u00e7\u00e3o.<\/p>\n\n\n\n<p class=\"has-text-align-center\" style=\"font-size:16px\"><strong>Com Certifica\u00e7\u00e3o:<\/strong> o link para emiss\u00e3o do certificado j\u00e1 est\u00e1 dispon\u00edvel e poder\u00e1 ser acessado por todos(as) que conclu\u00edrem o estudo de todo o material do curso. A forma\u00e7\u00e3o \u00e9 composta por videoaulas e material complementar, e cada cursista tem liberdade para organizar seu pr\u00f3prio ritmo de estudo, conforme sua disponibilidade.<\/p>\n\n\n\n<div class=\"wp-block-group is-nowrap is-layout-flex wp-container-core-group-is-layout-ad2f72ca wp-block-group-is-layout-flex\">\n<div class=\"wp-block-buttons is-content-justification-center is-layout-flex wp-container-core-buttons-is-layout-16018d1d wp-block-buttons-is-layout-flex\">\n<div class=\"wp-block-button has-custom-width wp-block-button__width-100\"><a class=\"wp-block-button__link has-white-color has-vivid-red-background-color has-text-color has-background has-link-color has-small-font-size has-custom-font-size wp-element-button\" href=\"https:\/\/escolavirtualbompastor.com.br\/ava\/course\/view.php?id=27\"><strong>CLIQUE AQUI PARA SE INSCREVER<\/strong><\/a><\/div>\n<\/div>\n<\/div>\n<\/div><figure class=\"wp-block-media-text__media\"><a href=\"https:\/\/escolavirtualbompastor.com.br\/ava\/course\/view.php?id=27\"><img fetchpriority=\"high\" decoding=\"async\" width=\"790\" height=\"1024\" src=\"https:\/\/escolavirtualbompastor.com.br\/wp-content\/uploads\/2026\/02\/Inscricao-do-curso-CF-20262-2-790x1024.png\" alt=\"\" class=\"wp-image-758 size-full\" srcset=\"https:\/\/escolavirtualbompastor.com.br\/wp-content\/uploads\/2026\/02\/Inscricao-do-curso-CF-20262-2-790x1024.png 790w, https:\/\/escolavirtualbompastor.com.br\/wp-content\/uploads\/2026\/02\/Inscricao-do-curso-CF-20262-2-231x300.png 231w, https:\/\/escolavirtualbompastor.com.br\/wp-content\/uploads\/2026\/02\/Inscricao-do-curso-CF-20262-2-768x996.png 768w, https:\/\/escolavirtualbompastor.com.br\/wp-content\/uploads\/2026\/02\/Inscricao-do-curso-CF-20262-2.png 1080w\" sizes=\"(max-width: 790px) 100vw, 790px\" \/><\/a><\/figure><\/div>\n\n\n\n<p><\/p>\n","protected":false},"excerpt":{"rendered":"<p>CURSO SOBRE A CAMPANHA DA FRATERNIDADE 2026<\/p>\n","protected":false},"author":1,"featured_media":0,"parent":0,"menu_order":0,"comment_status":"closed","ping_status":"closed","template":"","meta":{"footnotes":""},"class_list":["post-593","page","type-page","status-publish","hentry"],"yoast_head":"<!-- This site is optimized with the Yoast SEO plugin v25.3.1 - https:\/\/yoast.com\/wordpress\/plugins\/seo\/ -->\n<title>CURSOS E FORMA\u00c7\u00d5ES - Escola Diocesana de Forma\u00e7\u00e3o Bom Pastor<\/title>\n<meta name=\"robots\" content=\"index, follow, max-snippet:-1, max-image-preview:large, max-video-preview:-1\" \/>\n<link rel=\"canonical\" href=\"https:\/\/escolavirtualbompastor.com.br\/index.php\/cursos-e-formacoes\/\" \/>\n<meta property=\"og:locale\" content=\"pt_BR\" \/>\n<meta property=\"og:type\" content=\"article\" \/>\n<meta property=\"og:title\" content=\"CURSOS E FORMA\u00c7\u00d5ES - Escola Diocesana de Forma\u00e7\u00e3o Bom Pastor\" \/>\n<meta property=\"og:description\" content=\"CURSO SOBRE A CAMPANHA DA FRATERNIDADE 2026\" \/>\n<meta property=\"og:url\" content=\"https:\/\/escolavirtualbompastor.com.br\/index.php\/cursos-e-formacoes\/\" \/>\n<meta property=\"og:site_name\" content=\"Escola Diocesana de Forma\u00e7\u00e3o Bom Pastor\" \/>\n<meta property=\"article:modified_time\" content=\"2026-02-01T21:29:58+00:00\" \/>\n<meta property=\"og:image\" content=\"https:\/\/escolavirtualbompastor.com.br\/wp-content\/uploads\/2026\/02\/Inscricao-do-curso-CF-20262-2.png\" \/>\n\t<meta property=\"og:image:width\" content=\"1080\" \/>\n\t<meta property=\"og:image:height\" content=\"1400\" \/>\n\t<meta property=\"og:image:type\" content=\"image\/png\" \/>\n<meta name=\"twitter:card\" content=\"summary_large_image\" \/>\n<meta name=\"twitter:label1\" content=\"Est. tempo de leitura\" \/>\n\t<meta name=\"twitter:data1\" content=\"2 minutos\" \/>\n<script type=\"application\/ld+json\" class=\"yoast-schema-graph\">{\"@context\":\"https:\/\/schema.org\",\"@graph\":[{\"@type\":\"WebPage\",\"@id\":\"https:\/\/escolavirtualbompastor.com.br\/index.php\/cursos-e-formacoes\/\",\"url\":\"https:\/\/escolavirtualbompastor.com.br\/index.php\/cursos-e-formacoes\/\",\"name\":\"CURSOS E FORMA\u00c7\u00d5ES - Escola Diocesana de Forma\u00e7\u00e3o Bom Pastor\",\"isPartOf\":{\"@id\":\"https:\/\/escolavirtualbompastor.com.br\/#website\"},\"primaryImageOfPage\":{\"@id\":\"https:\/\/escolavirtualbompastor.com.br\/index.php\/cursos-e-formacoes\/#primaryimage\"},\"image\":{\"@id\":\"https:\/\/escolavirtualbompastor.com.br\/index.php\/cursos-e-formacoes\/#primaryimage\"},\"thumbnailUrl\":\"https:\/\/escolavirtualbompastor.com.br\/wp-content\/uploads\/2026\/02\/Inscricao-do-curso-CF-20262-2-790x1024.png\",\"datePublished\":\"2025-06-24T17:50:17+00:00\",\"dateModified\":\"2026-02-01T21:29:58+00:00\",\"breadcrumb\":{\"@id\":\"https:\/\/escolavirtualbompastor.com.br\/index.php\/cursos-e-formacoes\/#breadcrumb\"},\"inLanguage\":\"pt-BR\",\"potentialAction\":[{\"@type\":\"ReadAction\",\"target\":[\"https:\/\/escolavirtualbompastor.com.br\/index.php\/cursos-e-formacoes\/\"]}]},{\"@type\":\"ImageObject\",\"inLanguage\":\"pt-BR\",\"@id\":\"https:\/\/escolavirtualbompastor.com.br\/index.php\/cursos-e-formacoes\/#primaryimage\",\"url\":\"https:\/\/escolavirtualbompastor.com.br\/wp-content\/uploads\/2026\/02\/Inscricao-do-curso-CF-20262-2.png\",\"contentUrl\":\"https:\/\/escolavirtualbompastor.com.br\/wp-content\/uploads\/2026\/02\/Inscricao-do-curso-CF-20262-2.png\",\"width\":1080,\"height\":1400},{\"@type\":\"BreadcrumbList\",\"@id\":\"https:\/\/escolavirtualbompastor.com.br\/index.php\/cursos-e-formacoes\/#breadcrumb\",\"itemListElement\":[{\"@type\":\"ListItem\",\"position\":1,\"name\":\"In\u00edcio\",\"item\":\"https:\/\/escolavirtualbompastor.com.br\/\"},{\"@type\":\"ListItem\",\"position\":2,\"name\":\"CURSOS E FORMA\u00c7\u00d5ES\"}]},{\"@type\":\"WebSite\",\"@id\":\"https:\/\/escolavirtualbompastor.com.br\/#website\",\"url\":\"https:\/\/escolavirtualbompastor.com.br\/\",\"name\":\"Escola Diocesana de Forma\u00e7\u00e3o Bom Pastor\",\"description\":\"A Escola Diocesana de Forma\u00e7\u00e3o Bom Pastor \u00e9 um espa\u00e7o de forma\u00e7\u00e3o, espiritualidade e servi\u00e7o para todo o Povo de Deus da Diocese de Graja\u00fa. Aqui, candidatos ao diaconado, agentes de pastoral, membros de movimentos, minist\u00e9rios e comunidades encontram cursos, encontros e forma\u00e7\u00f5es continuadas para aprofundar sua f\u00e9 e miss\u00e3o evangelizadora.\",\"publisher\":{\"@id\":\"https:\/\/escolavirtualbompastor.com.br\/#organization\"},\"potentialAction\":[{\"@type\":\"SearchAction\",\"target\":{\"@type\":\"EntryPoint\",\"urlTemplate\":\"https:\/\/escolavirtualbompastor.com.br\/?s={search_term_string}\"},\"query-input\":{\"@type\":\"PropertyValueSpecification\",\"valueRequired\":true,\"valueName\":\"search_term_string\"}}],\"inLanguage\":\"pt-BR\"},{\"@type\":\"Organization\",\"@id\":\"https:\/\/escolavirtualbompastor.com.br\/#organization\",\"name\":\"Escola Diocesana de Forma\u00e7\u00e3o Bom Pastor\",\"url\":\"https:\/\/escolavirtualbompastor.com.br\/\",\"logo\":{\"@type\":\"ImageObject\",\"inLanguage\":\"pt-BR\",\"@id\":\"https:\/\/escolavirtualbompastor.com.br\/#\/schema\/logo\/image\/\",\"url\":\"https:\/\/escolavirtualbompastor.com.br\/wp-content\/uploads\/2025\/06\/cropped-logos-2.png\",\"contentUrl\":\"https:\/\/escolavirtualbompastor.com.br\/wp-content\/uploads\/2025\/06\/cropped-logos-2.png\",\"width\":209,\"height\":89,\"caption\":\"Escola Diocesana de Forma\u00e7\u00e3o Bom Pastor\"},\"image\":{\"@id\":\"https:\/\/escolavirtualbompastor.com.br\/#\/schema\/logo\/image\/\"}}]}<\/script>\n<!-- \/ Yoast SEO plugin. -->","yoast_head_json":{"title":"CURSOS E FORMA\u00c7\u00d5ES - Escola Diocesana de Forma\u00e7\u00e3o Bom Pastor","robots":{"index":"index","follow":"follow","max-snippet":"max-snippet:-1","max-image-preview":"max-image-preview:large","max-video-preview":"max-video-preview:-1"},"canonical":"https:\/\/escolavirtualbompastor.com.br\/index.php\/cursos-e-formacoes\/","og_locale":"pt_BR","og_type":"article","og_title":"CURSOS E FORMA\u00c7\u00d5ES - Escola Diocesana de Forma\u00e7\u00e3o Bom Pastor","og_description":"CURSO SOBRE A CAMPANHA DA FRATERNIDADE 2026","og_url":"https:\/\/escolavirtualbompastor.com.br\/index.php\/cursos-e-formacoes\/","og_site_name":"Escola Diocesana de Forma\u00e7\u00e3o Bom Pastor","article_modified_time":"2026-02-01T21:29:58+00:00","og_image":[{"width":1080,"height":1400,"url":"https:\/\/escolavirtualbompastor.com.br\/wp-content\/uploads\/2026\/02\/Inscricao-do-curso-CF-20262-2.png","type":"image\/png"}],"twitter_card":"summary_large_image","twitter_misc":{"Est. tempo de leitura":"2 minutos"},"schema":{"@context":"https:\/\/schema.org","@graph":[{"@type":"WebPage","@id":"https:\/\/escolavirtualbompastor.com.br\/index.php\/cursos-e-formacoes\/","url":"https:\/\/escolavirtualbompastor.com.br\/index.php\/cursos-e-formacoes\/","name":"CURSOS E FORMA\u00c7\u00d5ES - Escola Diocesana de Forma\u00e7\u00e3o Bom Pastor","isPartOf":{"@id":"https:\/\/escolavirtualbompastor.com.br\/#website"},"primaryImageOfPage":{"@id":"https:\/\/escolavirtualbompastor.com.br\/index.php\/cursos-e-formacoes\/#primaryimage"},"image":{"@id":"https:\/\/escolavirtualbompastor.com.br\/index.php\/cursos-e-formacoes\/#primaryimage"},"thumbnailUrl":"https:\/\/escolavirtualbompastor.com.br\/wp-content\/uploads\/2026\/02\/Inscricao-do-curso-CF-20262-2-790x1024.png","datePublished":"2025-06-24T17:50:17+00:00","dateModified":"2026-02-01T21:29:58+00:00","breadcrumb":{"@id":"https:\/\/escolavirtualbompastor.com.br\/index.php\/cursos-e-formacoes\/#breadcrumb"},"inLanguage":"pt-BR","potentialAction":[{"@type":"ReadAction","target":["https:\/\/escolavirtualbompastor.com.br\/index.php\/cursos-e-formacoes\/"]}]},{"@type":"ImageObject","inLanguage":"pt-BR","@id":"https:\/\/escolavirtualbompastor.com.br\/index.php\/cursos-e-formacoes\/#primaryimage","url":"https:\/\/escolavirtualbompastor.com.br\/wp-content\/uploads\/2026\/02\/Inscricao-do-curso-CF-20262-2.png","contentUrl":"https:\/\/escolavirtualbompastor.com.br\/wp-content\/uploads\/2026\/02\/Inscricao-do-curso-CF-20262-2.png","width":1080,"height":1400},{"@type":"BreadcrumbList","@id":"https:\/\/escolavirtualbompastor.com.br\/index.php\/cursos-e-formacoes\/#breadcrumb","itemListElement":[{"@type":"ListItem","position":1,"name":"In\u00edcio","item":"https:\/\/escolavirtualbompastor.com.br\/"},{"@type":"ListItem","position":2,"name":"CURSOS E FORMA\u00c7\u00d5ES"}]},{"@type":"WebSite","@id":"https:\/\/escolavirtualbompastor.com.br\/#website","url":"https:\/\/escolavirtualbompastor.com.br\/","name":"Escola Diocesana de Forma\u00e7\u00e3o Bom Pastor","description":"A Escola Diocesana de Forma\u00e7\u00e3o Bom Pastor \u00e9 um espa\u00e7o de forma\u00e7\u00e3o, espiritualidade e servi\u00e7o para todo o Povo de Deus da Diocese de Graja\u00fa. Aqui, candidatos ao diaconado, agentes de pastoral, membros de movimentos, minist\u00e9rios e comunidades encontram cursos, encontros e forma\u00e7\u00f5es continuadas para aprofundar sua f\u00e9 e miss\u00e3o evangelizadora.","publisher":{"@id":"https:\/\/escolavirtualbompastor.com.br\/#organization"},"potentialAction":[{"@type":"SearchAction","target":{"@type":"EntryPoint","urlTemplate":"https:\/\/escolavirtualbompastor.com.br\/?s={search_term_string}"},"query-input":{"@type":"PropertyValueSpecification","valueRequired":true,"valueName":"search_term_string"}}],"inLanguage":"pt-BR"},{"@type":"Organization","@id":"https:\/\/escolavirtualbompastor.com.br\/#organization","name":"Escola Diocesana de Forma\u00e7\u00e3o Bom Pastor","url":"https:\/\/escolavirtualbompastor.com.br\/","logo":{"@type":"ImageObject","inLanguage":"pt-BR","@id":"https:\/\/escolavirtualbompastor.com.br\/#\/schema\/logo\/image\/","url":"https:\/\/escolavirtualbompastor.com.br\/wp-content\/uploads\/2025\/06\/cropped-logos-2.png","contentUrl":"https:\/\/escolavirtualbompastor.com.br\/wp-content\/uploads\/2025\/06\/cropped-logos-2.png","width":209,"height":89,"caption":"Escola Diocesana de Forma\u00e7\u00e3o Bom Pastor"},"image":{"@id":"https:\/\/escolavirtualbompastor.com.br\/#\/schema\/logo\/image\/"}}]}},"_links":{"self":[{"href":"https:\/\/escolavirtualbompastor.com.br\/index.php\/wp-json\/wp\/v2\/pages\/593","targetHints":{"allow":["GET"]}}],"collection":[{"href":"https:\/\/escolavirtualbompastor.com.br\/index.php\/wp-json\/wp\/v2\/pages"}],"about":[{"href":"https:\/\/escolavirtualbompastor.com.br\/index.php\/wp-json\/wp\/v2\/types\/page"}],"author":[{"embeddable":true,"href":"https:\/\/escolavirtualbompastor.com.br\/index.php\/wp-json\/wp\/v2\/users\/1"}],"replies":[{"embeddable":true,"href":"https:\/\/escolavirtualbompastor.com.br\/index.php\/wp-json\/wp\/v2\/comments?post=593"}],"version-history":[{"count":13,"href":"https:\/\/escolavirtualbompastor.com.br\/index.php\/wp-json\/wp\/v2\/pages\/593\/revisions"}],"predecessor-version":[{"id":811,"href":"https:\/\/escolavirtualbompastor.com.br\/index.php\/wp-json\/wp\/v2\/pages\/593\/revisions\/811"}],"wp:attachment":[{"href":"https:\/\/escolavirtualbompastor.com.br\/index.php\/wp-json\/wp\/v2\/media?parent=593"}],"curies":[{"name":"wp","href":"https:\/\/api.w.org\/{rel}","templated":true}]}}