{"id":637,"date":"2025-06-24T16:39:28","date_gmt":"2025-06-24T19:39:28","guid":{"rendered":"https:\/\/escolavirtualbompastor.com.br\/?page_id=637"},"modified":"2026-02-01T17:42:22","modified_gmt":"2026-02-01T20:42:22","slug":"a-admissao-dos-aspirantes","status":"publish","type":"page","link":"https:\/\/escolavirtualbompastor.com.br\/index.php\/a-admissao-dos-aspirantes\/","title":{"rendered":"A ADMISS\u00c3O DOS ASPIRANTES"},"content":{"rendered":"\n<p class=\"has-text-align-center has-medium-font-size\"><a><strong>A ADMISS\u00c3O DOS ASPIRANTES<\/strong><\/a><\/p>\n\n\n\n<ol class=\"wp-block-list\">\n<li><\/li>\n<\/ol>\n\n\n\n<p>O processo de sele\u00e7\u00e3o de candidatos para o diaconado permanente \u00e9 meticuloso e foi pensado para considerar uma s\u00e9rie de aspectos para garantir que os aspirantes estejam bem preparados para cumprir as exig\u00eancias e responsabilidades do minist\u00e9rio diaconal. A seguir, apresento um guia detalhado sobre como foi esse processo, incluindo o processo de anima\u00e7\u00e3o vocacional, di\u00e1logo com a fam\u00edlia e a escrita da carta de recomenda\u00e7\u00e3o.<\/p>\n\n\n\n<p>A sele\u00e7\u00e3o dos candidatos levou em conta requisitos pessoais, eclesiais, familiares e comunit\u00e1rios. Em s\u00edntese:<\/p>\n\n\n\n<ol start=\"1\" style=\"list-style-type:lower-alpha\" class=\"wp-block-list\">\n<li>Atender os crit\u00e9rios observados no documento 96 da CNBB (Diretrizes para o Diaconado Permanente da Igreja no Brasil);<\/li>\n\n\n\n<li>Ter voca\u00e7\u00e3o ao minist\u00e9rio diaconal;<\/li>\n\n\n\n<li>Testemunho de vida: homens de f\u00e9, de esperan\u00e7a e de caridade comprovada;<\/li>\n\n\n\n<li>Sa\u00fade f\u00edsica, emocional, mental e espiritual e equil\u00edbrio afetivo-emocional;<\/li>\n\n\n\n<li>Estabilidade econ\u00f4mico-financeira e previdenci\u00e1ria;<\/li>\n\n\n\n<li>Capacidade intelectual para acompanhar o curso, desenvolver o minist\u00e9rio e abertura \u00e0 forma\u00e7\u00e3o permanente;<\/li>\n\n\n\n<li>Envolvimento afetivo e efetivo na comunidade, com engajamento de tr\u00eas ou mais anos;<\/li>\n\n\n\n<li>Capacidade de di\u00e1logo, de comunh\u00e3o eclesial (com o bispo, o presbit\u00e9rio e organismos), de lideran\u00e7a e esp\u00edrito de equipe;<\/li>\n\n\n\n<li>Aceita\u00e7\u00e3o, consentimento e colabora\u00e7\u00e3o efetiva da esposa e dos filhos;<\/li>\n\n\n\n<li>Estabilidade matrimonial e vida familiar coerente com os ensinamentos da Igreja;<\/li>\n\n\n\n<li>Esp\u00edrito de ora\u00e7\u00e3o, de servi\u00e7o e interesse pelo estudo;<\/li>\n\n\n\n<li>Op\u00e7\u00e3o pela pobreza e pelos pobres e abertura para exercer o minist\u00e9rio nas mais diversas realidades;<\/li>\n\n\n\n<li>Aceita\u00e7\u00e3o da comunidade e do presbit\u00e9rio.<\/li>\n<\/ol>\n\n\n\n<p class=\"has-text-align-center\"><a><strong>Processo de Anima\u00e7\u00e3o Vocacional<\/strong><\/a><\/p>\n\n\n\n<p>O processo de anima\u00e7\u00e3o vocacional \u00e9 uma etapa fundamental na caminhada formativa dos candidatos ao diaconado permanente, pois permite o discernimento aut\u00eantico do chamado de Deus ao servi\u00e7o na Igreja. Na Diocese de Graja\u00fa, essa fase foi estruturada para oferecer um acompanhamento espiritual, formativo e pastoral que auxilie os vocacionados a amadurecerem sua resposta ao chamado ministerial.<\/p>\n\n\n\n<p>Essa caminhada se desenvolveu por meio de acompanhamento individualizado e di\u00e1logo constante com as fam\u00edlias dos aspirantes, garantindo que a decis\u00e3o pelo diaconado seja tomada com consci\u00eancia e responsabilidade. Al\u00e9m disso, a anima\u00e7\u00e3o vocacional buscou fortalecer a espiritualidade e a comunh\u00e3o eclesial, preparando os vocacionados para um minist\u00e9rio baseado na Palavra, na Liturgia e na Caridade.<\/p>\n\n\n\n<h3 class=\"wp-block-heading\"><a><em>Acompanhamento Espiritual e Forma\u00e7\u00e3o Inicial<\/em><\/a><\/h3>\n\n\n\n<ul class=\"wp-block-list\">\n<li><strong>Retiro Espiritual:<\/strong> A escola fica respons\u00e1vel de organizar retiros e encontros de forma\u00e7\u00e3o espiritual para ajudar os candidatos a discernir sua voca\u00e7\u00e3o e aprofundar sua vida espiritual.<\/li>\n\n\n\n<li><strong>Orienta\u00e7\u00e3o Espiritual:<\/strong> A diocese oferecer\u00e1 acompanhamento individual com um orientador espiritual para ajudar na reflex\u00e3o sobre o chamado e as motiva\u00e7\u00f5es pessoais.<\/li>\n<\/ul>\n\n\n\n<h3 class=\"wp-block-heading\"><a><em>Entrevistas com a Fam\u00edlia<\/em><\/a><\/h3>\n\n\n\n<ul class=\"wp-block-list\">\n<li><strong>Reuni\u00f5es Individuais:<\/strong> S\u00e3o realizadas reuni\u00f5es com a fam\u00edlia do candidato para discutir o apoio e as expectativas em rela\u00e7\u00e3o ao minist\u00e9rio diaconal.<\/li>\n\n\n\n<li><strong>Esclarecimento de D\u00favidas:<\/strong> Abordar sobre qualquer d\u00favida ou preocupa\u00e7\u00e3o que a fam\u00edlia possa ter sobre as exig\u00eancias do diaconado.<\/li>\n\n\n\n<li><strong>Encontros:<\/strong> Organizar encontros para dialogar com as fam\u00edlias sobre o papel do di\u00e1cono e como apoiar os candidatos de forma eficaz.<\/li>\n<\/ul>\n\n\n\n<h3 class=\"wp-block-heading\"><a><strong>Escrita da Carta de Recomenda\u00e7\u00e3o<\/strong><\/a><\/h3>\n\n\n\n<ul class=\"wp-block-list\">\n<li><strong>Quem deve escrever:<\/strong> A carta de recomenda\u00e7\u00e3o deve ser escrita por um membro do clero de confian\u00e7a, como o bispo, padre ou di\u00e1cono, e deve refletir uma vis\u00e3o hol\u00edstica do candidato.<\/li>\n<\/ul>\n\n\n\n<ol start=\"1\" style=\"list-style-type:lower-alpha\" class=\"wp-block-list\">\n<li><\/li>\n<\/ol>\n\n\n\n<ul class=\"wp-block-list\">\n<li><strong>Avalia\u00e7\u00e3o Espiritual e Moral:<\/strong> A carta deve avaliar a vida espiritual e moral do candidato, incluindo exemplos espec\u00edficos de sua pr\u00e1tica crist\u00e3.<\/li>\n\n\n\n<li><strong>Compet\u00eancias e Qualidades Pessoais:<\/strong> Destacar as compet\u00eancias, habilidades e qualidades pessoais que fazem do candidato um bom candidato ao diaconado.<\/li>\n\n\n\n<li><strong>Contribui\u00e7\u00f5es e Envolvimento Comunit\u00e1rio:<\/strong> Mencionar o envolvimento do candidato na vida comunit\u00e1ria e suas contribui\u00e7\u00f5es para a par\u00f3quia e a comunidade em geral.<\/li>\n\n\n\n<li><strong>Consentimento da fam\u00edlia:<\/strong> reforce que a recomenda\u00e7\u00e3o positiva do candidato, enfatizando que a fam\u00edlia est\u00e1 integralmente apoiando a candidatura.<\/li>\n<\/ul>\n\n\n\n<p><strong>Recomenda\u00e7\u00f5es e Observa\u00e7\u00f5es:<\/strong><\/p>\n\n\n\n<ol start=\"2\" style=\"list-style-type:lower-alpha\" class=\"wp-block-list\">\n<li><\/li>\n<\/ol>\n\n\n\n<ul class=\"wp-block-list\">\n<li><strong>\u00c1reas de Crescimento:<\/strong> Se apropriado, incluir observa\u00e7\u00f5es sobre \u00e1reas onde o candidato pode precisar de mais desenvolvimento ou apoio.<\/li>\n<\/ul>\n\n\n\n<p><strong>Recomenda\u00e7\u00e3o Final:<\/strong> Oferecer uma recomenda\u00e7\u00e3o clara e positiva para a candidatura ao diaconado, baseada em uma avalia\u00e7\u00e3o justa e equilibrada.<\/p>\n","protected":false},"excerpt":{"rendered":"<p>A ADMISS\u00c3O DOS ASPIRANTES O processo de sele\u00e7\u00e3o de candidatos para o diaconado permanente \u00e9 meticuloso e foi pensado para considerar uma s\u00e9rie de aspectos para garantir que os aspirantes &#8230;<\/p>\n","protected":false},"author":1,"featured_media":0,"parent":0,"menu_order":0,"comment_status":"closed","ping_status":"closed","template":"","meta":{"footnotes":""},"class_list":["post-637","page","type-page","status-publish","hentry"],"yoast_head":"<!-- This site is optimized with the Yoast SEO plugin v25.3.1 - https:\/\/yoast.com\/wordpress\/plugins\/seo\/ -->\n<title>A ADMISS\u00c3O DOS ASPIRANTES - Escola Diocesana de Forma\u00e7\u00e3o Bom Pastor<\/title>\n<meta name=\"robots\" content=\"index, follow, max-snippet:-1, max-image-preview:large, max-video-preview:-1\" \/>\n<link rel=\"canonical\" href=\"https:\/\/escolavirtualbompastor.com.br\/index.php\/a-admissao-dos-aspirantes\/\" \/>\n<meta property=\"og:locale\" content=\"pt_BR\" \/>\n<meta property=\"og:type\" content=\"article\" \/>\n<meta property=\"og:title\" content=\"A ADMISS\u00c3O DOS ASPIRANTES - Escola Diocesana de Forma\u00e7\u00e3o Bom Pastor\" \/>\n<meta property=\"og:description\" content=\"A ADMISS\u00c3O DOS ASPIRANTES O processo de sele\u00e7\u00e3o de candidatos para o diaconado permanente \u00e9 meticuloso e foi pensado para considerar uma s\u00e9rie de aspectos para garantir que os aspirantes ...\" \/>\n<meta property=\"og:url\" content=\"https:\/\/escolavirtualbompastor.com.br\/index.php\/a-admissao-dos-aspirantes\/\" \/>\n<meta property=\"og:site_name\" content=\"Escola Diocesana de Forma\u00e7\u00e3o Bom Pastor\" \/>\n<meta property=\"article:modified_time\" content=\"2026-02-01T20:42:22+00:00\" \/>\n<meta name=\"twitter:card\" content=\"summary_large_image\" \/>\n<script type=\"application\/ld+json\" class=\"yoast-schema-graph\">{\"@context\":\"https:\/\/schema.org\",\"@graph\":[{\"@type\":\"WebPage\",\"@id\":\"https:\/\/escolavirtualbompastor.com.br\/index.php\/a-admissao-dos-aspirantes\/\",\"url\":\"https:\/\/escolavirtualbompastor.com.br\/index.php\/a-admissao-dos-aspirantes\/\",\"name\":\"A ADMISS\u00c3O DOS ASPIRANTES - Escola Diocesana de Forma\u00e7\u00e3o Bom Pastor\",\"isPartOf\":{\"@id\":\"https:\/\/escolavirtualbompastor.com.br\/#website\"},\"datePublished\":\"2025-06-24T19:39:28+00:00\",\"dateModified\":\"2026-02-01T20:42:22+00:00\",\"breadcrumb\":{\"@id\":\"https:\/\/escolavirtualbompastor.com.br\/index.php\/a-admissao-dos-aspirantes\/#breadcrumb\"},\"inLanguage\":\"pt-BR\",\"potentialAction\":[{\"@type\":\"ReadAction\",\"target\":[\"https:\/\/escolavirtualbompastor.com.br\/index.php\/a-admissao-dos-aspirantes\/\"]}]},{\"@type\":\"BreadcrumbList\",\"@id\":\"https:\/\/escolavirtualbompastor.com.br\/index.php\/a-admissao-dos-aspirantes\/#breadcrumb\",\"itemListElement\":[{\"@type\":\"ListItem\",\"position\":1,\"name\":\"In\u00edcio\",\"item\":\"https:\/\/escolavirtualbompastor.com.br\/\"},{\"@type\":\"ListItem\",\"position\":2,\"name\":\"A ADMISS\u00c3O DOS ASPIRANTES\"}]},{\"@type\":\"WebSite\",\"@id\":\"https:\/\/escolavirtualbompastor.com.br\/#website\",\"url\":\"https:\/\/escolavirtualbompastor.com.br\/\",\"name\":\"Escola Diocesana de Forma\u00e7\u00e3o Bom Pastor\",\"description\":\"A Escola Diocesana de Forma\u00e7\u00e3o Bom Pastor \u00e9 um espa\u00e7o de forma\u00e7\u00e3o, espiritualidade e servi\u00e7o para todo o Povo de Deus da Diocese de Graja\u00fa. Aqui, candidatos ao diaconado, agentes de pastoral, membros de movimentos, minist\u00e9rios e comunidades encontram cursos, encontros e forma\u00e7\u00f5es continuadas para aprofundar sua f\u00e9 e miss\u00e3o evangelizadora.\",\"publisher\":{\"@id\":\"https:\/\/escolavirtualbompastor.com.br\/#organization\"},\"potentialAction\":[{\"@type\":\"SearchAction\",\"target\":{\"@type\":\"EntryPoint\",\"urlTemplate\":\"https:\/\/escolavirtualbompastor.com.br\/?s={search_term_string}\"},\"query-input\":{\"@type\":\"PropertyValueSpecification\",\"valueRequired\":true,\"valueName\":\"search_term_string\"}}],\"inLanguage\":\"pt-BR\"},{\"@type\":\"Organization\",\"@id\":\"https:\/\/escolavirtualbompastor.com.br\/#organization\",\"name\":\"Escola Diocesana de Forma\u00e7\u00e3o Bom Pastor\",\"url\":\"https:\/\/escolavirtualbompastor.com.br\/\",\"logo\":{\"@type\":\"ImageObject\",\"inLanguage\":\"pt-BR\",\"@id\":\"https:\/\/escolavirtualbompastor.com.br\/#\/schema\/logo\/image\/\",\"url\":\"https:\/\/escolavirtualbompastor.com.br\/wp-content\/uploads\/2025\/06\/cropped-logos-2.png\",\"contentUrl\":\"https:\/\/escolavirtualbompastor.com.br\/wp-content\/uploads\/2025\/06\/cropped-logos-2.png\",\"width\":209,\"height\":89,\"caption\":\"Escola Diocesana de Forma\u00e7\u00e3o Bom Pastor\"},\"image\":{\"@id\":\"https:\/\/escolavirtualbompastor.com.br\/#\/schema\/logo\/image\/\"}}]}<\/script>\n<!-- \/ Yoast SEO plugin. -->","yoast_head_json":{"title":"A ADMISS\u00c3O DOS ASPIRANTES - Escola Diocesana de Forma\u00e7\u00e3o Bom Pastor","robots":{"index":"index","follow":"follow","max-snippet":"max-snippet:-1","max-image-preview":"max-image-preview:large","max-video-preview":"max-video-preview:-1"},"canonical":"https:\/\/escolavirtualbompastor.com.br\/index.php\/a-admissao-dos-aspirantes\/","og_locale":"pt_BR","og_type":"article","og_title":"A ADMISS\u00c3O DOS ASPIRANTES - Escola Diocesana de Forma\u00e7\u00e3o Bom Pastor","og_description":"A ADMISS\u00c3O DOS ASPIRANTES O processo de sele\u00e7\u00e3o de candidatos para o diaconado permanente \u00e9 meticuloso e foi pensado para considerar uma s\u00e9rie de aspectos para garantir que os aspirantes ...","og_url":"https:\/\/escolavirtualbompastor.com.br\/index.php\/a-admissao-dos-aspirantes\/","og_site_name":"Escola Diocesana de Forma\u00e7\u00e3o Bom Pastor","article_modified_time":"2026-02-01T20:42:22+00:00","twitter_card":"summary_large_image","schema":{"@context":"https:\/\/schema.org","@graph":[{"@type":"WebPage","@id":"https:\/\/escolavirtualbompastor.com.br\/index.php\/a-admissao-dos-aspirantes\/","url":"https:\/\/escolavirtualbompastor.com.br\/index.php\/a-admissao-dos-aspirantes\/","name":"A ADMISS\u00c3O DOS ASPIRANTES - Escola Diocesana de Forma\u00e7\u00e3o Bom Pastor","isPartOf":{"@id":"https:\/\/escolavirtualbompastor.com.br\/#website"},"datePublished":"2025-06-24T19:39:28+00:00","dateModified":"2026-02-01T20:42:22+00:00","breadcrumb":{"@id":"https:\/\/escolavirtualbompastor.com.br\/index.php\/a-admissao-dos-aspirantes\/#breadcrumb"},"inLanguage":"pt-BR","potentialAction":[{"@type":"ReadAction","target":["https:\/\/escolavirtualbompastor.com.br\/index.php\/a-admissao-dos-aspirantes\/"]}]},{"@type":"BreadcrumbList","@id":"https:\/\/escolavirtualbompastor.com.br\/index.php\/a-admissao-dos-aspirantes\/#breadcrumb","itemListElement":[{"@type":"ListItem","position":1,"name":"In\u00edcio","item":"https:\/\/escolavirtualbompastor.com.br\/"},{"@type":"ListItem","position":2,"name":"A ADMISS\u00c3O DOS ASPIRANTES"}]},{"@type":"WebSite","@id":"https:\/\/escolavirtualbompastor.com.br\/#website","url":"https:\/\/escolavirtualbompastor.com.br\/","name":"Escola Diocesana de Forma\u00e7\u00e3o Bom Pastor","description":"A Escola Diocesana de Forma\u00e7\u00e3o Bom Pastor \u00e9 um espa\u00e7o de forma\u00e7\u00e3o, espiritualidade e servi\u00e7o para todo o Povo de Deus da Diocese de Graja\u00fa. Aqui, candidatos ao diaconado, agentes de pastoral, membros de movimentos, minist\u00e9rios e comunidades encontram cursos, encontros e forma\u00e7\u00f5es continuadas para aprofundar sua f\u00e9 e miss\u00e3o evangelizadora.","publisher":{"@id":"https:\/\/escolavirtualbompastor.com.br\/#organization"},"potentialAction":[{"@type":"SearchAction","target":{"@type":"EntryPoint","urlTemplate":"https:\/\/escolavirtualbompastor.com.br\/?s={search_term_string}"},"query-input":{"@type":"PropertyValueSpecification","valueRequired":true,"valueName":"search_term_string"}}],"inLanguage":"pt-BR"},{"@type":"Organization","@id":"https:\/\/escolavirtualbompastor.com.br\/#organization","name":"Escola Diocesana de Forma\u00e7\u00e3o Bom Pastor","url":"https:\/\/escolavirtualbompastor.com.br\/","logo":{"@type":"ImageObject","inLanguage":"pt-BR","@id":"https:\/\/escolavirtualbompastor.com.br\/#\/schema\/logo\/image\/","url":"https:\/\/escolavirtualbompastor.com.br\/wp-content\/uploads\/2025\/06\/cropped-logos-2.png","contentUrl":"https:\/\/escolavirtualbompastor.com.br\/wp-content\/uploads\/2025\/06\/cropped-logos-2.png","width":209,"height":89,"caption":"Escola Diocesana de Forma\u00e7\u00e3o Bom Pastor"},"image":{"@id":"https:\/\/escolavirtualbompastor.com.br\/#\/schema\/logo\/image\/"}}]}},"_links":{"self":[{"href":"https:\/\/escolavirtualbompastor.com.br\/index.php\/wp-json\/wp\/v2\/pages\/637","targetHints":{"allow":["GET"]}}],"collection":[{"href":"https:\/\/escolavirtualbompastor.com.br\/index.php\/wp-json\/wp\/v2\/pages"}],"about":[{"href":"https:\/\/escolavirtualbompastor.com.br\/index.php\/wp-json\/wp\/v2\/types\/page"}],"author":[{"embeddable":true,"href":"https:\/\/escolavirtualbompastor.com.br\/index.php\/wp-json\/wp\/v2\/users\/1"}],"replies":[{"embeddable":true,"href":"https:\/\/escolavirtualbompastor.com.br\/index.php\/wp-json\/wp\/v2\/comments?post=637"}],"version-history":[{"count":2,"href":"https:\/\/escolavirtualbompastor.com.br\/index.php\/wp-json\/wp\/v2\/pages\/637\/revisions"}],"predecessor-version":[{"id":772,"href":"https:\/\/escolavirtualbompastor.com.br\/index.php\/wp-json\/wp\/v2\/pages\/637\/revisions\/772"}],"wp:attachment":[{"href":"https:\/\/escolavirtualbompastor.com.br\/index.php\/wp-json\/wp\/v2\/media?parent=637"}],"curies":[{"name":"wp","href":"https:\/\/api.w.org\/{rel}","templated":true}]}}