{"id":89,"date":"2024-04-10T10:58:07","date_gmt":"2024-04-10T13:58:07","guid":{"rendered":"https:\/\/escolavirtualbompastor.com.br\/?page_id=89"},"modified":"2026-02-01T17:43:09","modified_gmt":"2026-02-01T20:43:09","slug":"formacao","status":"publish","type":"page","link":"https:\/\/escolavirtualbompastor.com.br\/index.php\/formacao\/","title":{"rendered":"CATEQUESE INTRODUT\u00d3RIA"},"content":{"rendered":"\n<p class=\"has-text-align-center has-base-2-color has-contrast-background-color has-text-color has-background has-link-color has-large-font-size wp-elements-6178edc42029cf9c71ac78c50d20a474\"><strong><em>Algumas coisas que todo cat\u00f3lico deveria saber\u2026<\/em><\/strong><\/p>\n\n\n\n<p class=\"has-text-align-center\"><em><strong>Quais s\u00e3o artigos da f\u00e9 cat\u00f3lica?<\/strong><\/em><\/p>\n\n\n\n<p><strong>1.<\/strong>&nbsp;Crer em Deus Pai todo-poderoso.<\/p>\n\n\n\n<p><strong>2.<\/strong>&nbsp;E em Jesus Cristo, seu Filho \u00fanico, Nosso Senhor.<\/p>\n\n\n\n<p><strong>3.<\/strong>&nbsp;Jesus Cristo foi concebido pelo poder do Esp\u00edrito Santo, nasceu da Virgem Maria.<\/p>\n\n\n\n<p><strong>4.<\/strong>&nbsp;Jesus Cristo padeceu sob P\u00f4ncio Pilatos, foi crucificado, morto e sepultado.<\/p>\n\n\n\n<p><strong>5.<\/strong>&nbsp;Jesus Cristo desceu aos Infernos, ressuscitou dos mortos no terceiro dia.<\/p>\n\n\n\n<p><strong>6.<\/strong>&nbsp;Jesus subiu aos c\u00e9us, est\u00e1 sentado \u00e0 direita de Deus Pai, todo-poderoso.<\/p>\n\n\n\n<p><strong>7.<\/strong>&nbsp;Donde vir\u00e1 julgar os vivos e os mortos.<\/p>\n\n\n\n<p><strong>8.<\/strong>&nbsp;Creio no Esp\u00edrito Santo.<\/p>\n\n\n\n<p><strong>9.<\/strong>&nbsp;Creio na Igreja Cat\u00f3lica.<\/p>\n\n\n\n<p><strong>10.<\/strong>&nbsp;Creio no perd\u00e3o dos pecados.<\/p>\n\n\n\n<p><strong>11.<\/strong>&nbsp;Creio na ressurrei\u00e7\u00e3o da carne.<\/p>\n\n\n\n<p><strong>12.<\/strong>&nbsp;Creio na Vida eterna.<\/p>\n\n\n\n<p><\/p>\n\n\n\n<p class=\"has-text-align-center\"><strong><em>E os Dez Mandamentos?<\/em><\/strong><\/p>\n\n\n\n<p><strong>1.<\/strong>&nbsp;Amar a Deus sobre todas as coisas.<\/p>\n\n\n\n<p><strong>2.<\/strong>&nbsp;N\u00e3o pronunciar\u00e1s o nome do Senhor, teu Deus, em v\u00e3o.<\/p>\n\n\n\n<p><strong>3.<\/strong>&nbsp;Lembra-te de guardar o Dia do Senhor.<\/p>\n\n\n\n<p><strong>4.<\/strong>&nbsp;Honra teu pai e tua m\u00e3e, para que se prolonguem os teus dias na terra que o Senhor, teu Deus, te d\u00e1.<\/p>\n\n\n\n<p><strong>5.<\/strong>&nbsp;N\u00e3o matar\u00e1s.<\/p>\n\n\n\n<p><strong>6.<\/strong>&nbsp;N\u00e3o pecar\u00e1s contra a castidade.<\/p>\n\n\n\n<p><strong>7.<\/strong>&nbsp;N\u00e3o roubar\u00e1s.<\/p>\n\n\n\n<p><strong>8.<\/strong>&nbsp;N\u00e3o apresentar\u00e1s um falso testemunho contra teu pr\u00f3ximo.<\/p>\n\n\n\n<p><strong>9.<\/strong>&nbsp;N\u00e3o desejar\u00e1s a mulher do pr\u00f3ximo.<\/p>\n\n\n\n<p><strong>10.<\/strong>&nbsp;N\u00e3o cobi\u00e7ar\u00e1s as coisas alheias.<\/p>\n\n\n\n<p><\/p>\n\n\n\n<p class=\"has-text-align-center\"><em><strong>Voc\u00ea conhece os Cinco Mandamentos da Igreja?<\/strong><\/em><\/p>\n\n\n\n<p><strong>1.<\/strong>&nbsp;Participar da Missa inteira nos domingos e em outras festas de guarda e abster-se de ocupa\u00e7\u00f5es de trabalho.<\/p>\n\n\n\n<p><strong>2.<\/strong>&nbsp;Confessar-se ao menos uma vez por ano.<\/p>\n\n\n\n<p><strong>3.<\/strong>&nbsp;Receber o sacramento da Eucaristia ao menos pela P\u00e1scoa da Ressurrei\u00e7\u00e3o.<\/p>\n\n\n\n<p><strong>4.<\/strong>&nbsp;Jejuar e abster-se de carne, conforme manda a Santa M\u00e3e Igreja.<\/p>\n\n\n\n<p><strong>5.<\/strong>\u00a0Ajudar a igreja em suas necessidades;<\/p>\n\n\n\n<p><\/p>\n\n\n\n<p class=\"has-text-align-center\"><strong><em>Quais s\u00e3o os dias santos de guarda?<\/em><\/strong><\/p>\n\n\n\n<p><strong>1.<\/strong>&nbsp;Todos os domingos do ano<\/p>\n\n\n\n<p><strong>2.<\/strong>&nbsp;Dia 1\u00ba de janeiro, festividade de Santa Maria, M\u00e3e de Deus.<\/p>\n\n\n\n<p><strong>3.<\/strong>&nbsp;Festividade do Corpo e Sangue de Cristo (Corpus Christi), celebrada na quinta-feira depois do Domingo da Sant\u00edssima Trindade;<\/p>\n\n\n\n<p><strong>4.<\/strong>&nbsp;Dia 8 de dezembro, festividade da Imaculada Concei\u00e7\u00e3o da Virgem Maria.<\/p>\n\n\n\n<p><strong>5.<\/strong>&nbsp;Dia 25 de dezembro, Natal de Nosso Senhor Jesus Cristo.<\/p>\n\n\n\n<p><\/p>\n\n\n\n<p class=\"has-text-align-center\"><em><strong>Lei do Jejum e Abstin\u00eancia<\/strong><\/em><\/p>\n\n\n\n<p><strong>1.<\/strong>&nbsp;Toda sexta-feira do ano \u00e9 dia de penit\u00eancia, a n\u00e3o ser que coincida com alguma solenidade do calend\u00e1rio lit\u00fargico. Nesse dia os fi\u00e9is devem abster-se de comer carne ou outro alimento, ou praticar alguma forma de penit\u00eancia, principalmente alguma obra de caridade ou algum exerc\u00edcio de piedade.<\/p>\n\n\n\n<p><strong>2.<\/strong>&nbsp;A Quarta-feira de Cinzas e a sexta-feira Santa, mem\u00f3ria da Paix\u00e3o e Morte de Cristo, s\u00e3o dias de jejum e abstin\u00eancia. A abstin\u00eancia pode ser substitu\u00edda pelos pr\u00f3prios fieis por outra pr\u00e1tica de penit\u00eancia, caridade ou piedade, particularmente pela participa\u00e7\u00e3o nesses dias na Sagrada Liturgia (Legisla\u00e7\u00e3o complementar da CNBB quanto aos c\u00e2nones 1251 e 1253 do C\u00f3digo de Direito Can\u00f4nico).<\/p>\n\n\n\n<p><strong>3.<\/strong>&nbsp;Idade da obriga\u00e7\u00e3o: a abstin\u00eancia obriga a partir dos 14 anos completos; o jejum a partir dos 18 anos completos at\u00e9 os 60 anos come\u00e7ados.<\/p>\n\n\n\n<p><\/p>\n\n\n\n<p class=\"has-text-align-center\"><strong><em>Quem foram os doze Ap\u00f3stolos?<\/em><\/strong><\/p>\n\n\n\n<p><strong>1.<\/strong>&nbsp;Pedro (Sim\u00e3o)<\/p>\n\n\n\n<p><strong>2.<\/strong>&nbsp;Bartolomeu<\/p>\n\n\n\n<p><strong>3.<\/strong>&nbsp;Andr\u00e9<\/p>\n\n\n\n<p><strong>4.<\/strong>&nbsp;Filipe<\/p>\n\n\n\n<p><strong>5.<\/strong>&nbsp;Tom\u00e9<\/p>\n\n\n\n<p><strong>6.<\/strong>&nbsp;Tiago<\/p>\n\n\n\n<p><strong>7.<\/strong>&nbsp;Jo\u00e3o<\/p>\n\n\n\n<p><strong>8.<\/strong>&nbsp;Tiago (o Menor)<\/p>\n\n\n\n<p><strong>9.<\/strong>&nbsp;Judas Tadeu<\/p>\n\n\n\n<p><strong>10.<\/strong>&nbsp;Judas Iscariotes<\/p>\n\n\n\n<p><strong>11.<\/strong>&nbsp;Sim\u00e3o (o Zelote)<\/p>\n\n\n\n<p><strong>12.<\/strong>&nbsp;Mateus (Matias)<\/p>\n\n\n\n<p><\/p>\n\n\n\n<p class=\"has-text-align-center\"><em><strong>Quais s\u00e3o os sete Sacramentos?<\/strong><\/em><\/p>\n\n\n\n<p>Batismo (Mt 28,19)<\/p>\n\n\n\n<p>Confirma\u00e7\u00e3o ou Crisma (At 8,17)<\/p>\n\n\n\n<p>Eucaristia (Mt 26,26)<\/p>\n\n\n\n<p>Penit\u00eancia (Jo 20,23)<\/p>\n\n\n\n<p>Un\u00e7\u00e3o dos Enfermos (Ti 5,14)<\/p>\n\n\n\n<p>Ordem (Lc 22,19)<\/p>\n\n\n\n<p>Matrim\u00f4nio (Mt 19,6)<\/p>\n\n\n\n<p><\/p>\n\n\n\n<p class=\"has-text-align-center\"><strong><em>Quais s\u00e3o as tr\u00eas virtudes teologais?<\/em><\/strong><\/p>\n\n\n\n<p><em>(1 Cor 13, 13 e cfr. Catecismo da Igreja Cat\u00f3lica, n. 1813)<\/em><\/p>\n\n\n\n<p>F\u00e9 \u2013 Esperan\u00e7a \u2013 Caridade<\/p>\n\n\n\n<p>Quais s\u00e3o as quatro Virtudes Cardeais?<\/p>\n\n\n\n<p>(Cfr. Catecismo da Igreja Cat\u00f3lica, ns. 1805-1809)<\/p>\n\n\n\n<p>Prud\u00eancia \u2013 Justi\u00e7a \u2013 Fortaleza \u2013 Temperan\u00e7a.<\/p>\n\n\n\n<p><\/p>\n\n\n\n<p class=\"has-text-align-center\"><strong><em>Quais s\u00e3o os Sete Dons do Esp\u00edrito Santo?<\/em><\/strong><\/p>\n\n\n\n<p><em>(Cfr. IS 11, 2-3 e Catecismo da Igreja Cat\u00f3lica, n.1813)<\/em><\/p>\n\n\n\n<p>Sabedoria<\/p>\n\n\n\n<p>Intelig\u00eancia<\/p>\n\n\n\n<p>Conselho<\/p>\n\n\n\n<p>Fortaleza<\/p>\n\n\n\n<p>Ci\u00eancia<\/p>\n\n\n\n<p>Piedade<\/p>\n\n\n\n<p>Temor de Deus<\/p>\n\n\n\n<p><\/p>\n\n\n\n<p class=\"has-text-align-center\"><strong><em>E os doze Frutos do Esp\u00edrito Santo?<\/em><\/strong><\/p>\n\n\n\n<p><em>(Cfr. G\u00e1l 5,22 e Catecismo da Igreja Cat\u00f3lica, n. 1832)<\/em><\/p>\n\n\n\n<p>Caridade<\/p>\n\n\n\n<p>Paz<\/p>\n\n\n\n<p>Benignidade<\/p>\n\n\n\n<p>Longanimidade<\/p>\n\n\n\n<p>Fidelidade<\/p>\n\n\n\n<p>Contin\u00eancia<\/p>\n\n\n\n<p>Alegria<\/p>\n\n\n\n<p>Paci\u00eancia<\/p>\n\n\n\n<p>Bondade<\/p>\n\n\n\n<p>Mansid\u00e3o<\/p>\n\n\n\n<p>Mod\u00e9stia<\/p>\n\n\n\n<p>Castidade<\/p>\n\n\n\n<p><\/p>\n\n\n\n<p class=\"has-text-align-center\"><strong><em>Voc\u00ea sabe quais s\u00e3o as sete Obras de Miseric\u00f3rdia Espirituais?<\/em><\/strong><\/p>\n\n\n\n<p><em>(Cfr. Catecismo da Igreja Cat\u00f3lica, n. 2447)<\/em><\/p>\n\n\n\n<p><strong>1.<\/strong>&nbsp;Dar bom conselho.<\/p>\n\n\n\n<p><strong>2.<\/strong>&nbsp;Ensinar os ignorantes.<\/p>\n\n\n\n<p><strong>3.<\/strong>&nbsp;Corrigir os que erram<\/p>\n\n\n\n<p><strong>4.<\/strong>&nbsp;Consolar os aflitos.<\/p>\n\n\n\n<p><strong>5.<\/strong>&nbsp;Perdoar as inj\u00farias.<\/p>\n\n\n\n<p><strong>6.<\/strong>&nbsp;Sofrer com paci\u00eancia as fraquezas do pr\u00f3ximo.<\/p>\n\n\n\n<p><strong>7.<\/strong>&nbsp;Rogar a Deus pelos vivos e defuntos.<\/p>\n\n\n\n<p><\/p>\n\n\n\n<p class=\"has-text-align-center\"><strong><em>E as sete obras de miseric\u00f3rdia Corporais?<\/em><\/strong><\/p>\n\n\n\n<p><em>(Cfr. Mt 25, 35,36; Tob 4,12 e Catecismo da Igreja Cat\u00f3lica, ns. 2447-2449)<\/em><\/p>\n\n\n\n<p><strong>1.<\/strong>&nbsp;Bem-aventurados os pobres em esp\u00edrito, porque deles \u00e9 o Reino dos C\u00e9us.<\/p>\n\n\n\n<p><strong>2.<\/strong>&nbsp;Bem-aventurados os mansos, porque eles possuir\u00e3o a terra.<\/p>\n\n\n\n<p><strong>3.<\/strong>&nbsp;Bem-aventurados os aflitos, porque ser\u00e3o consolados.<\/p>\n\n\n\n<p><strong>4.<\/strong>&nbsp;Bem-aventurados os que t\u00eam fome e sede de justi\u00e7a. Porque ser\u00e3o saciados.<\/p>\n\n\n\n<p><strong>5.<\/strong>&nbsp;Bem-aventurados os misericordiosos, porque alcan\u00e7ar\u00e3o miseric\u00f3rdia.<\/p>\n\n\n\n<p><strong>6.<\/strong>&nbsp;Bem-aventurados os puros de cora\u00e7\u00e3o, porque ver\u00e3o a Deus.<\/p>\n\n\n\n<p><strong>7.<\/strong>&nbsp;Bem-aventurados os que promovem a paz, porque ser\u00e3o chamados filhos de Deus.<\/p>\n\n\n\n<p><strong>8.<\/strong>&nbsp;Bem-aventurados os que s\u00e3o perseguidos por causa da justi\u00e7a, porque deles \u00e9 o Reino dos C\u00e9us.<\/p>\n\n\n\n<p><\/p>\n\n\n\n<p class=\"has-text-align-center\"><strong><em>Voc\u00ea sabe quais sete pecados capitais? E as virtudes opostas?<\/em><\/strong><\/p>\n\n\n\n<p><em>(Cfr. Catecismo da Igreja Cat\u00f3lica, n. 1866)<\/em><\/p>\n\n\n\n<p>Orgulho \u2013 Humildade<\/p>\n\n\n\n<p>Avareza \u2013 Generosidade<\/p>\n\n\n\n<p>Inveja \u2013 Amor ao pr\u00f3ximo<\/p>\n\n\n\n<p>Ira \u2013 Mansid\u00e3o<\/p>\n\n\n\n<p>Lux\u00faria \u2013 Castidade<\/p>\n\n\n\n<p>Gula \u2013 Temperan\u00e7a<\/p>\n\n\n\n<p>Pregui\u00e7a \u2013 Dilig\u00eancia<\/p>\n\n\n\n<p><\/p>\n\n\n\n<p class=\"has-text-align-center\"><strong><em>Voc\u00ea conhece os seis pecados contra o Esp\u00edrito Santo?<\/em><\/strong><\/p>\n\n\n\n<p><em>(Cfr. Catecismo da Igreja Cat\u00f3lica, n. 1864)<\/em><\/p>\n\n\n\n<p><strong>1.<\/strong>&nbsp;Desesperar da salva\u00e7\u00e3o.<\/p>\n\n\n\n<p><strong>2.&nbsp;<\/strong>Presun\u00e7\u00e3o de se salvar sem merecimento.<\/p>\n\n\n\n<p><strong>3.<\/strong>&nbsp;Contradizer a verdade conhecida por tal.<\/p>\n\n\n\n<p><strong>4.<\/strong>&nbsp;Ter inveja das merc\u00eas que Deus faz a outros.<\/p>\n\n\n\n<p><strong>5.<\/strong>&nbsp;Obstina\u00e7\u00e3o no pecado.<\/p>\n\n\n\n<p><strong>6.<\/strong>&nbsp;Impenit\u00eancia final.<\/p>\n\n\n\n<p><\/p>\n\n\n\n<p class=\"has-text-align-center\"><strong><em>Os quatro Pecados que Bradam ao C\u00e9u?<\/em><\/strong><\/p>\n\n\n\n<p><em>(Cfr. Catecismo da Igreja Cat\u00f3lica, n. 1867)<\/em><\/p>\n\n\n\n<p><strong>1.<\/strong>&nbsp;Homic\u00eddio volunt\u00e1rio.<\/p>\n\n\n\n<p><strong>2.<\/strong>&nbsp;Pecado sensual contra a natureza.<\/p>\n\n\n\n<p><strong>3.<\/strong>&nbsp;Opress\u00e3o dos pobres.<\/p>\n\n\n\n<p><strong>4.<\/strong>&nbsp;N\u00e3o pagar a quem trabalha.<\/p>\n\n\n\n<p><\/p>\n\n\n\n<p class=\"has-text-align-center\"><em><strong>Coopera\u00e7\u00e3o e cumplicidade com os pecados alheios<\/strong><\/em><\/p>\n\n\n\n<p><em>(Cfr. Catecismo da Igreja Cat\u00f3lica, n. 1868)<\/em><\/p>\n\n\n\n<p><strong>1.&nbsp;<\/strong>Participando neles direita ou voluntariamente.<\/p>\n\n\n\n<p><strong>2.<\/strong>&nbsp;Mandando, aconselhando, louvando ou aprovando esses pecados.<\/p>\n\n\n\n<p><strong>3.<\/strong>&nbsp;N\u00e3o os revelando ou n\u00e3o os impedindo, quando a isso somos obrigados.<\/p>\n\n\n\n<p><strong>4.<\/strong>&nbsp;Protegendo os que fazem o mal.<\/p>\n\n\n\n<p><\/p>\n\n\n\n<p class=\"has-text-align-center\"><strong><em>Quais s\u00e3o tr\u00eas principais g\u00eaneros de boas obras?<\/em><\/strong><\/p>\n\n\n\n<p><em>(Cfr. Catecismo da Igreja Cat\u00f3lica, n. 1969)<\/em><\/p>\n\n\n\n<p>Ora\u00e7\u00e3o \u2013 Jejum \u2013 Esmola.<\/p>\n\n\n\n<p><\/p>\n\n\n\n<p class=\"has-text-align-center\"><em><strong>Conselhos Evang\u00e9licos<\/strong><\/em><\/p>\n\n\n\n<p><em>(Cfr. Catecismo da Igreja Cat\u00f3lica, n. 2103)<\/em><\/p>\n\n\n\n<p>A nossa M\u00e3e a Santa Igreja alegra-se ao encontrar em seu seio muitos homens e mulheres que seguem mais estreitamente a exinani\u00e7\u00e3o do Salvador e mais claramente o demonstram, aceitando a pobreza na liberdade dos filhos de Deus e renunciando \u00e0s pr\u00f3prias vontades; submetem-se eles aos homens por causa de Deus, em mat\u00e9ria de perfei\u00e7\u00e3o, al\u00e9m da medida do preceito, para que mais plenamente se conformem a Cristo obediente (L\u00famen g\u00e9ntium, n. 42).<\/p>\n\n\n\n<p>Pobreza volunt\u00e1ria \u2013 Castidade \u2013 Obedi\u00eancia.<\/p>\n\n\n\n<p><\/p>\n\n\n\n<figure class=\"wp-block-image\"><img decoding=\"async\" src=\"https:\/\/cleofas.com.br\/wp-content\/authors\/cleofabr-2.jpg\" alt=\"Prof. Felipe Aquino\"\/><\/figure>\n\n\n\n<h2 class=\"wp-block-heading has-medium-font-size\">Sobre Prof. Felipe Aquino<\/h2>\n\n\n\n<p class=\"has-text-align-left has-small-font-size\">O Prof. Felipe Aquino \u00e9 doutor em Engenharia Mec\u00e2nica pela UNESP e mestre na mesma \u00e1rea pela UNIFEI. Foi diretor geral da FAENQUIL (atual EEL-USP) durante 20 anos e atualmente \u00e9 Professor de Hist\u00f3ria da Igreja do \u201cInstituto de Teologia Bento XVI\u201d da Diocese de Lorena e da Can\u00e7\u00e3o Nova. Cavaleiro da Ordem de S\u00e3o Greg\u00f3rio Magno, t\u00edtulo concedido pelo Papa Bento XVI, em 06\/02\/2012. Foi casado durante 40 anos e \u00e9 pai de cinco filhos. Na TV Can\u00e7\u00e3o Nova, apresenta o programa \u201cEscola da F\u00e9\u201d e \u201cPergunte e Responderemos\u201d, na R\u00e1dio apresenta o programa \u201cNo Cora\u00e7\u00e3o da Igreja\u201d. Nos finais de semana prega encontros de aprofundamento em todo o Brasil e no exterior. Escreveu 73 livros de forma\u00e7\u00e3o cat\u00f3lica pelas editoras Cl\u00e9ofas, Loyola e Can\u00e7\u00e3o Nova.<\/p>\n","protected":false},"excerpt":{"rendered":"<p>Algumas coisas que todo cat\u00f3lico deveria saber\u2026 Quais s\u00e3o artigos da f\u00e9 cat\u00f3lica? 1.&nbsp;Crer em Deus Pai todo-poderoso. 2.&nbsp;E em Jesus Cristo, seu Filho \u00fanico, Nosso Senhor. 3.&nbsp;Jesus Cristo foi &#8230;<\/p>\n","protected":false},"author":1,"featured_media":0,"parent":0,"menu_order":0,"comment_status":"closed","ping_status":"closed","template":"","meta":{"footnotes":""},"class_list":["post-89","page","type-page","status-publish","hentry"],"yoast_head":"<!-- This site is optimized with the Yoast SEO plugin v25.3.1 - https:\/\/yoast.com\/wordpress\/plugins\/seo\/ -->\n<title>CATEQUESE INTRODUT\u00d3RIA - Escola Diocesana de Forma\u00e7\u00e3o Bom Pastor<\/title>\n<meta name=\"robots\" content=\"index, follow, max-snippet:-1, max-image-preview:large, max-video-preview:-1\" \/>\n<link rel=\"canonical\" href=\"https:\/\/escolavirtualbompastor.com.br\/index.php\/formacao\/\" \/>\n<meta property=\"og:locale\" content=\"pt_BR\" \/>\n<meta property=\"og:type\" content=\"article\" \/>\n<meta property=\"og:title\" content=\"CATEQUESE INTRODUT\u00d3RIA - Escola Diocesana de Forma\u00e7\u00e3o Bom Pastor\" \/>\n<meta property=\"og:description\" content=\"Algumas coisas que todo cat\u00f3lico deveria saber\u2026 Quais s\u00e3o artigos da f\u00e9 cat\u00f3lica? 1.&nbsp;Crer em Deus Pai todo-poderoso. 2.&nbsp;E em Jesus Cristo, seu Filho \u00fanico, Nosso Senhor. 3.&nbsp;Jesus Cristo foi ...\" \/>\n<meta property=\"og:url\" content=\"https:\/\/escolavirtualbompastor.com.br\/index.php\/formacao\/\" \/>\n<meta property=\"og:site_name\" content=\"Escola Diocesana de Forma\u00e7\u00e3o Bom Pastor\" \/>\n<meta property=\"article:modified_time\" content=\"2026-02-01T20:43:09+00:00\" \/>\n<meta property=\"og:image\" content=\"https:\/\/cleofas.com.br\/wp-content\/authors\/cleofabr-2.jpg\" \/>\n<meta name=\"twitter:card\" content=\"summary_large_image\" \/>\n<script type=\"application\/ld+json\" class=\"yoast-schema-graph\">{\"@context\":\"https:\/\/schema.org\",\"@graph\":[{\"@type\":\"WebPage\",\"@id\":\"https:\/\/escolavirtualbompastor.com.br\/index.php\/formacao\/\",\"url\":\"https:\/\/escolavirtualbompastor.com.br\/index.php\/formacao\/\",\"name\":\"CATEQUESE INTRODUT\u00d3RIA - Escola Diocesana de Forma\u00e7\u00e3o Bom Pastor\",\"isPartOf\":{\"@id\":\"https:\/\/escolavirtualbompastor.com.br\/#website\"},\"primaryImageOfPage\":{\"@id\":\"https:\/\/escolavirtualbompastor.com.br\/index.php\/formacao\/#primaryimage\"},\"image\":{\"@id\":\"https:\/\/escolavirtualbompastor.com.br\/index.php\/formacao\/#primaryimage\"},\"thumbnailUrl\":\"https:\/\/cleofas.com.br\/wp-content\/authors\/cleofabr-2.jpg\",\"datePublished\":\"2024-04-10T13:58:07+00:00\",\"dateModified\":\"2026-02-01T20:43:09+00:00\",\"breadcrumb\":{\"@id\":\"https:\/\/escolavirtualbompastor.com.br\/index.php\/formacao\/#breadcrumb\"},\"inLanguage\":\"pt-BR\",\"potentialAction\":[{\"@type\":\"ReadAction\",\"target\":[\"https:\/\/escolavirtualbompastor.com.br\/index.php\/formacao\/\"]}]},{\"@type\":\"ImageObject\",\"inLanguage\":\"pt-BR\",\"@id\":\"https:\/\/escolavirtualbompastor.com.br\/index.php\/formacao\/#primaryimage\",\"url\":\"https:\/\/cleofas.com.br\/wp-content\/authors\/cleofabr-2.jpg\",\"contentUrl\":\"https:\/\/cleofas.com.br\/wp-content\/authors\/cleofabr-2.jpg\"},{\"@type\":\"BreadcrumbList\",\"@id\":\"https:\/\/escolavirtualbompastor.com.br\/index.php\/formacao\/#breadcrumb\",\"itemListElement\":[{\"@type\":\"ListItem\",\"position\":1,\"name\":\"In\u00edcio\",\"item\":\"https:\/\/escolavirtualbompastor.com.br\/\"},{\"@type\":\"ListItem\",\"position\":2,\"name\":\"CATEQUESE INTRODUT\u00d3RIA\"}]},{\"@type\":\"WebSite\",\"@id\":\"https:\/\/escolavirtualbompastor.com.br\/#website\",\"url\":\"https:\/\/escolavirtualbompastor.com.br\/\",\"name\":\"Escola Diocesana de Forma\u00e7\u00e3o Bom Pastor\",\"description\":\"A Escola Diocesana de Forma\u00e7\u00e3o Bom Pastor \u00e9 um espa\u00e7o de forma\u00e7\u00e3o, espiritualidade e servi\u00e7o para todo o Povo de Deus da Diocese de Graja\u00fa. Aqui, candidatos ao diaconado, agentes de pastoral, membros de movimentos, minist\u00e9rios e comunidades encontram cursos, encontros e forma\u00e7\u00f5es continuadas para aprofundar sua f\u00e9 e miss\u00e3o evangelizadora.\",\"publisher\":{\"@id\":\"https:\/\/escolavirtualbompastor.com.br\/#organization\"},\"potentialAction\":[{\"@type\":\"SearchAction\",\"target\":{\"@type\":\"EntryPoint\",\"urlTemplate\":\"https:\/\/escolavirtualbompastor.com.br\/?s={search_term_string}\"},\"query-input\":{\"@type\":\"PropertyValueSpecification\",\"valueRequired\":true,\"valueName\":\"search_term_string\"}}],\"inLanguage\":\"pt-BR\"},{\"@type\":\"Organization\",\"@id\":\"https:\/\/escolavirtualbompastor.com.br\/#organization\",\"name\":\"Escola Diocesana de Forma\u00e7\u00e3o Bom Pastor\",\"url\":\"https:\/\/escolavirtualbompastor.com.br\/\",\"logo\":{\"@type\":\"ImageObject\",\"inLanguage\":\"pt-BR\",\"@id\":\"https:\/\/escolavirtualbompastor.com.br\/#\/schema\/logo\/image\/\",\"url\":\"https:\/\/escolavirtualbompastor.com.br\/wp-content\/uploads\/2025\/06\/cropped-logos-2.png\",\"contentUrl\":\"https:\/\/escolavirtualbompastor.com.br\/wp-content\/uploads\/2025\/06\/cropped-logos-2.png\",\"width\":209,\"height\":89,\"caption\":\"Escola Diocesana de Forma\u00e7\u00e3o Bom Pastor\"},\"image\":{\"@id\":\"https:\/\/escolavirtualbompastor.com.br\/#\/schema\/logo\/image\/\"}}]}<\/script>\n<!-- \/ Yoast SEO plugin. -->","yoast_head_json":{"title":"CATEQUESE INTRODUT\u00d3RIA - Escola Diocesana de Forma\u00e7\u00e3o Bom Pastor","robots":{"index":"index","follow":"follow","max-snippet":"max-snippet:-1","max-image-preview":"max-image-preview:large","max-video-preview":"max-video-preview:-1"},"canonical":"https:\/\/escolavirtualbompastor.com.br\/index.php\/formacao\/","og_locale":"pt_BR","og_type":"article","og_title":"CATEQUESE INTRODUT\u00d3RIA - Escola Diocesana de Forma\u00e7\u00e3o Bom Pastor","og_description":"Algumas coisas que todo cat\u00f3lico deveria saber\u2026 Quais s\u00e3o artigos da f\u00e9 cat\u00f3lica? 1.&nbsp;Crer em Deus Pai todo-poderoso. 2.&nbsp;E em Jesus Cristo, seu Filho \u00fanico, Nosso Senhor. 3.&nbsp;Jesus Cristo foi ...","og_url":"https:\/\/escolavirtualbompastor.com.br\/index.php\/formacao\/","og_site_name":"Escola Diocesana de Forma\u00e7\u00e3o Bom Pastor","article_modified_time":"2026-02-01T20:43:09+00:00","og_image":[{"url":"https:\/\/cleofas.com.br\/wp-content\/authors\/cleofabr-2.jpg","type":"","width":"","height":""}],"twitter_card":"summary_large_image","schema":{"@context":"https:\/\/schema.org","@graph":[{"@type":"WebPage","@id":"https:\/\/escolavirtualbompastor.com.br\/index.php\/formacao\/","url":"https:\/\/escolavirtualbompastor.com.br\/index.php\/formacao\/","name":"CATEQUESE INTRODUT\u00d3RIA - Escola Diocesana de Forma\u00e7\u00e3o Bom Pastor","isPartOf":{"@id":"https:\/\/escolavirtualbompastor.com.br\/#website"},"primaryImageOfPage":{"@id":"https:\/\/escolavirtualbompastor.com.br\/index.php\/formacao\/#primaryimage"},"image":{"@id":"https:\/\/escolavirtualbompastor.com.br\/index.php\/formacao\/#primaryimage"},"thumbnailUrl":"https:\/\/cleofas.com.br\/wp-content\/authors\/cleofabr-2.jpg","datePublished":"2024-04-10T13:58:07+00:00","dateModified":"2026-02-01T20:43:09+00:00","breadcrumb":{"@id":"https:\/\/escolavirtualbompastor.com.br\/index.php\/formacao\/#breadcrumb"},"inLanguage":"pt-BR","potentialAction":[{"@type":"ReadAction","target":["https:\/\/escolavirtualbompastor.com.br\/index.php\/formacao\/"]}]},{"@type":"ImageObject","inLanguage":"pt-BR","@id":"https:\/\/escolavirtualbompastor.com.br\/index.php\/formacao\/#primaryimage","url":"https:\/\/cleofas.com.br\/wp-content\/authors\/cleofabr-2.jpg","contentUrl":"https:\/\/cleofas.com.br\/wp-content\/authors\/cleofabr-2.jpg"},{"@type":"BreadcrumbList","@id":"https:\/\/escolavirtualbompastor.com.br\/index.php\/formacao\/#breadcrumb","itemListElement":[{"@type":"ListItem","position":1,"name":"In\u00edcio","item":"https:\/\/escolavirtualbompastor.com.br\/"},{"@type":"ListItem","position":2,"name":"CATEQUESE INTRODUT\u00d3RIA"}]},{"@type":"WebSite","@id":"https:\/\/escolavirtualbompastor.com.br\/#website","url":"https:\/\/escolavirtualbompastor.com.br\/","name":"Escola Diocesana de Forma\u00e7\u00e3o Bom Pastor","description":"A Escola Diocesana de Forma\u00e7\u00e3o Bom Pastor \u00e9 um espa\u00e7o de forma\u00e7\u00e3o, espiritualidade e servi\u00e7o para todo o Povo de Deus da Diocese de Graja\u00fa. Aqui, candidatos ao diaconado, agentes de pastoral, membros de movimentos, minist\u00e9rios e comunidades encontram cursos, encontros e forma\u00e7\u00f5es continuadas para aprofundar sua f\u00e9 e miss\u00e3o evangelizadora.","publisher":{"@id":"https:\/\/escolavirtualbompastor.com.br\/#organization"},"potentialAction":[{"@type":"SearchAction","target":{"@type":"EntryPoint","urlTemplate":"https:\/\/escolavirtualbompastor.com.br\/?s={search_term_string}"},"query-input":{"@type":"PropertyValueSpecification","valueRequired":true,"valueName":"search_term_string"}}],"inLanguage":"pt-BR"},{"@type":"Organization","@id":"https:\/\/escolavirtualbompastor.com.br\/#organization","name":"Escola Diocesana de Forma\u00e7\u00e3o Bom Pastor","url":"https:\/\/escolavirtualbompastor.com.br\/","logo":{"@type":"ImageObject","inLanguage":"pt-BR","@id":"https:\/\/escolavirtualbompastor.com.br\/#\/schema\/logo\/image\/","url":"https:\/\/escolavirtualbompastor.com.br\/wp-content\/uploads\/2025\/06\/cropped-logos-2.png","contentUrl":"https:\/\/escolavirtualbompastor.com.br\/wp-content\/uploads\/2025\/06\/cropped-logos-2.png","width":209,"height":89,"caption":"Escola Diocesana de Forma\u00e7\u00e3o Bom Pastor"},"image":{"@id":"https:\/\/escolavirtualbompastor.com.br\/#\/schema\/logo\/image\/"}}]}},"_links":{"self":[{"href":"https:\/\/escolavirtualbompastor.com.br\/index.php\/wp-json\/wp\/v2\/pages\/89","targetHints":{"allow":["GET"]}}],"collection":[{"href":"https:\/\/escolavirtualbompastor.com.br\/index.php\/wp-json\/wp\/v2\/pages"}],"about":[{"href":"https:\/\/escolavirtualbompastor.com.br\/index.php\/wp-json\/wp\/v2\/types\/page"}],"author":[{"embeddable":true,"href":"https:\/\/escolavirtualbompastor.com.br\/index.php\/wp-json\/wp\/v2\/users\/1"}],"replies":[{"embeddable":true,"href":"https:\/\/escolavirtualbompastor.com.br\/index.php\/wp-json\/wp\/v2\/comments?post=89"}],"version-history":[{"count":2,"href":"https:\/\/escolavirtualbompastor.com.br\/index.php\/wp-json\/wp\/v2\/pages\/89\/revisions"}],"predecessor-version":[{"id":563,"href":"https:\/\/escolavirtualbompastor.com.br\/index.php\/wp-json\/wp\/v2\/pages\/89\/revisions\/563"}],"wp:attachment":[{"href":"https:\/\/escolavirtualbompastor.com.br\/index.php\/wp-json\/wp\/v2\/media?parent=89"}],"curies":[{"name":"wp","href":"https:\/\/api.w.org\/{rel}","templated":true}]}}